{"id":1056,"date":"2025-07-05T08:35:33","date_gmt":"2025-07-05T06:35:33","guid":{"rendered":"https:\/\/tecniagroxxi.com\/tienda\/?post_type=product&#038;p=1056"},"modified":"2025-08-26T11:02:48","modified_gmt":"2025-08-26T09:02:48","slug":"brida-pvc","status":"publish","type":"product","link":"https:\/\/tecniagroxxi.com\/tienda\/producto\/brida-pvc\/","title":{"rendered":"Brida PVC"},"content":{"rendered":"<p>La brida de PVC es un componente esencial en sistemas de conducci\u00f3n de fluidos, permitiendo una conexi\u00f3n s\u00f3lida, desmontable y resistente entre tuber\u00edas y otros accesorios mediante uni\u00f3n brida-brida.<\/p>\n<p>Dise\u00f1ada para ser encolada directamente a la tuber\u00eda, garantiza estanqueidad, facilidad de instalaci\u00f3n y mantenimiento.<\/p>\n<p>Disponible en varias medidas.<\/p>\n<p>Soporta una presi\u00f3n m\u00e1xima de 10-16 bares, dependiendo del modelo.<\/p>\n","protected":false},"excerpt":{"rendered":"<p>La brida de PVC es un componente esencial en sistemas de conducci\u00f3n de fluidos, permitiendo una conexi\u00f3n s\u00f3lida, desmontable y resistente entre tuber\u00edas y otros accesorios mediante uni\u00f3n brida-brida.<\/p>\n","protected":false},"featured_media":1057,"comment_status":"open","ping_status":"closed","template":"","meta":{"_et_pb_use_builder":"","_et_pb_old_content":"","_et_gb_content_width":"","_joinchat":[]},"product_brand":[],"product_cat":[45],"product_tag":[],"class_list":{"0":"post-1056","1":"product","2":"type-product","3":"status-publish","4":"has-post-thumbnail","6":"product_cat-encolar","8":"first","9":"instock","10":"taxable","11":"shipping-taxable","12":"purchasable","13":"product-type-variable"},"_links":{"self":[{"href":"https:\/\/tecniagroxxi.com\/tienda\/wp-json\/wp\/v2\/product\/1056","targetHints":{"allow":["GET"]}}],"collection":[{"href":"https:\/\/tecniagroxxi.com\/tienda\/wp-json\/wp\/v2\/product"}],"about":[{"href":"https:\/\/tecniagroxxi.com\/tienda\/wp-json\/wp\/v2\/types\/product"}],"replies":[{"embeddable":true,"href":"https:\/\/tecniagroxxi.com\/tienda\/wp-json\/wp\/v2\/comments?post=1056"}],"wp:featuredmedia":[{"embeddable":true,"href":"https:\/\/tecniagroxxi.com\/tienda\/wp-json\/wp\/v2\/media\/1057"}],"wp:attachment":[{"href":"https:\/\/tecniagroxxi.com\/tienda\/wp-json\/wp\/v2\/media?parent=1056"}],"wp:term":[{"taxonomy":"product_brand","embeddable":true,"href":"https:\/\/tecniagroxxi.com\/tienda\/wp-json\/wp\/v2\/product_brand?post=1056"},{"taxonomy":"product_cat","embeddable":true,"href":"https:\/\/tecniagroxxi.com\/tienda\/wp-json\/wp\/v2\/product_cat?post=1056"},{"taxonomy":"product_tag","embeddable":true,"href":"https:\/\/tecniagroxxi.com\/tienda\/wp-json\/wp\/v2\/product_tag?post=1056"}],"curies":[{"name":"wp","href":"https:\/\/api.w.org\/{rel}","templated":true}]}}