{"id":1149,"date":"2025-07-08T12:20:00","date_gmt":"2025-07-08T10:20:00","guid":{"rendered":"https:\/\/tecniagroxxi.com\/tienda\/?post_type=product&#038;p=1149"},"modified":"2025-08-28T07:34:03","modified_gmt":"2025-08-28T05:34:03","slug":"adaptador-pvc-mixto-macho-hembra","status":"publish","type":"product","link":"https:\/\/tecniagroxxi.com\/tienda\/producto\/adaptador-pvc-mixto-macho-hembra\/","title":{"rendered":"Adaptador PVC mixto macho-hembra"},"content":{"rendered":"<p>El adaptador de PVC mixto macho-hembra es ideal para instalaciones de agua.<\/p>\n<p>Conector vers\u00e1til fabricado en PVC de alta resistencia, dise\u00f1ado para unir tuber\u00edas de diferentes di\u00e1metros o materiales. Este adaptador cuenta con un extremo liso para conexi\u00f3n mediante encolado, y un extremo con rosca hembra para acoplamiento roscado, garantizando una uni\u00f3n segura y estanca.<\/p>\n<p>Disponible en varias medidas.<\/p>\n<p>Soporta una presi\u00f3n m\u00e1xima de 16 bares.<\/p>\n","protected":false},"excerpt":{"rendered":"<p>El adaptador de PVC mixto macho-hembra es ideal para instalaciones de agua.<\/p>\n","protected":false},"featured_media":1150,"comment_status":"open","ping_status":"closed","template":"","meta":{"_et_pb_use_builder":"","_et_pb_old_content":"","_et_gb_content_width":"","_joinchat":[]},"product_brand":[],"product_cat":[46],"product_tag":[],"class_list":{"0":"post-1149","1":"product","2":"type-product","3":"status-publish","4":"has-post-thumbnail","6":"product_cat-mixto","8":"first","9":"instock","10":"taxable","11":"shipping-taxable","12":"purchasable","13":"product-type-variable"},"_links":{"self":[{"href":"https:\/\/tecniagroxxi.com\/tienda\/wp-json\/wp\/v2\/product\/1149","targetHints":{"allow":["GET"]}}],"collection":[{"href":"https:\/\/tecniagroxxi.com\/tienda\/wp-json\/wp\/v2\/product"}],"about":[{"href":"https:\/\/tecniagroxxi.com\/tienda\/wp-json\/wp\/v2\/types\/product"}],"replies":[{"embeddable":true,"href":"https:\/\/tecniagroxxi.com\/tienda\/wp-json\/wp\/v2\/comments?post=1149"}],"wp:featuredmedia":[{"embeddable":true,"href":"https:\/\/tecniagroxxi.com\/tienda\/wp-json\/wp\/v2\/media\/1150"}],"wp:attachment":[{"href":"https:\/\/tecniagroxxi.com\/tienda\/wp-json\/wp\/v2\/media?parent=1149"}],"wp:term":[{"taxonomy":"product_brand","embeddable":true,"href":"https:\/\/tecniagroxxi.com\/tienda\/wp-json\/wp\/v2\/product_brand?post=1149"},{"taxonomy":"product_cat","embeddable":true,"href":"https:\/\/tecniagroxxi.com\/tienda\/wp-json\/wp\/v2\/product_cat?post=1149"},{"taxonomy":"product_tag","embeddable":true,"href":"https:\/\/tecniagroxxi.com\/tienda\/wp-json\/wp\/v2\/product_tag?post=1149"}],"curies":[{"name":"wp","href":"https:\/\/api.w.org\/{rel}","templated":true}]}}