{"id":1172,"date":"2025-07-08T12:47:07","date_gmt":"2025-07-08T10:47:07","guid":{"rendered":"https:\/\/tecniagroxxi.com\/tienda\/?post_type=product&#038;p=1172"},"modified":"2025-08-28T07:40:11","modified_gmt":"2025-08-28T05:40:11","slug":"machon-de-pvc-rosca-macho","status":"publish","type":"product","link":"https:\/\/tecniagroxxi.com\/tienda\/producto\/machon-de-pvc-rosca-macho\/","title":{"rendered":"Mach\u00f3n de PVC rosca macho"},"content":{"rendered":"<p>El enlace rosca macho de PVC es un accesorio dise\u00f1ado para facilitar la conexi\u00f3n de tuber\u00edas de manera segura y eficiente.<\/p>\n<p>Este mach\u00f3n de cuenta con una rosca macho que asegura y facilita su instalaci\u00f3n. Ideal para su uso en instalaciones con tuber\u00edas en diferentes \u00e1reas, garantizando una excelente estanqueidad y durabilidad.<\/p>\n<p>Disponible en varios tama\u00f1os.<\/p>\n<p>Soporta presiones m\u00e1ximas de 16 bares.<\/p>\n","protected":false},"excerpt":{"rendered":"<p>El enlace rosca macho de PVC es un accesorio dise\u00f1ado para facilitar la conexi\u00f3n de tuber\u00edas de manera segura y eficiente.<\/p>\n","protected":false},"featured_media":1173,"comment_status":"open","ping_status":"closed","template":"","meta":{"_et_pb_use_builder":"","_et_pb_old_content":"","_et_gb_content_width":"","_joinchat":[]},"product_brand":[],"product_cat":[47],"product_tag":[],"class_list":{"0":"post-1172","1":"product","2":"type-product","3":"status-publish","4":"has-post-thumbnail","6":"product_cat-roscado","8":"first","9":"instock","10":"taxable","11":"shipping-taxable","12":"purchasable","13":"product-type-variable"},"_links":{"self":[{"href":"https:\/\/tecniagroxxi.com\/tienda\/wp-json\/wp\/v2\/product\/1172","targetHints":{"allow":["GET"]}}],"collection":[{"href":"https:\/\/tecniagroxxi.com\/tienda\/wp-json\/wp\/v2\/product"}],"about":[{"href":"https:\/\/tecniagroxxi.com\/tienda\/wp-json\/wp\/v2\/types\/product"}],"replies":[{"embeddable":true,"href":"https:\/\/tecniagroxxi.com\/tienda\/wp-json\/wp\/v2\/comments?post=1172"}],"wp:featuredmedia":[{"embeddable":true,"href":"https:\/\/tecniagroxxi.com\/tienda\/wp-json\/wp\/v2\/media\/1173"}],"wp:attachment":[{"href":"https:\/\/tecniagroxxi.com\/tienda\/wp-json\/wp\/v2\/media?parent=1172"}],"wp:term":[{"taxonomy":"product_brand","embeddable":true,"href":"https:\/\/tecniagroxxi.com\/tienda\/wp-json\/wp\/v2\/product_brand?post=1172"},{"taxonomy":"product_cat","embeddable":true,"href":"https:\/\/tecniagroxxi.com\/tienda\/wp-json\/wp\/v2\/product_cat?post=1172"},{"taxonomy":"product_tag","embeddable":true,"href":"https:\/\/tecniagroxxi.com\/tienda\/wp-json\/wp\/v2\/product_tag?post=1172"}],"curies":[{"name":"wp","href":"https:\/\/api.w.org\/{rel}","templated":true}]}}