{"id":1195,"date":"2025-07-08T13:26:06","date_gmt":"2025-07-08T11:26:06","guid":{"rendered":"https:\/\/tecniagroxxi.com\/tienda\/?post_type=product&#038;p=1195"},"modified":"2025-08-28T07:42:07","modified_gmt":"2025-08-28T05:42:07","slug":"reduccion-pvc-rosca-macho-hembra","status":"publish","type":"product","link":"https:\/\/tecniagroxxi.com\/tienda\/producto\/reduccion-pvc-rosca-macho-hembra\/","title":{"rendered":"Reducci\u00f3n PVC rosca macho-hembra"},"content":{"rendered":"<p>La reducci\u00f3n rosca macho &#8211; hembra de PVC es un accesorio dise\u00f1ado para facilitar la conexi\u00f3n de tuber\u00edas o accesorios con distinto di\u00e1metro de manera segura y eficiente.<\/p>\n<p>Esta reducci\u00f3n cuenta con una rosca macho y otra hembra que asegura y facilita su instalaci\u00f3n. Ideal para su uso en instalaciones con tuber\u00edas en diferentes \u00e1reas, garantizando una excelente estanqueidad y durabilidad.<\/p>\n<p>Disponible en varios tama\u00f1os.<\/p>\n<p>Soporta presiones m\u00e1ximas de 16 bares.<\/p>\n","protected":false},"excerpt":{"rendered":"<p>La reducci\u00f3n rosca macho &#8211; hembra de PVC es un accesorio dise\u00f1ado para facilitar la conexi\u00f3n de tuber\u00edas o accesorios con distinto di\u00e1metro de manera segura y eficiente.<\/p>\n","protected":false},"featured_media":1196,"comment_status":"open","ping_status":"closed","template":"","meta":{"_et_pb_use_builder":"","_et_pb_old_content":"","_et_gb_content_width":"","_joinchat":[]},"product_brand":[],"product_cat":[47],"product_tag":[],"class_list":{"0":"post-1195","1":"product","2":"type-product","3":"status-publish","4":"has-post-thumbnail","6":"product_cat-roscado","8":"first","9":"instock","10":"taxable","11":"shipping-taxable","12":"purchasable","13":"product-type-variable"},"_links":{"self":[{"href":"https:\/\/tecniagroxxi.com\/tienda\/wp-json\/wp\/v2\/product\/1195","targetHints":{"allow":["GET"]}}],"collection":[{"href":"https:\/\/tecniagroxxi.com\/tienda\/wp-json\/wp\/v2\/product"}],"about":[{"href":"https:\/\/tecniagroxxi.com\/tienda\/wp-json\/wp\/v2\/types\/product"}],"replies":[{"embeddable":true,"href":"https:\/\/tecniagroxxi.com\/tienda\/wp-json\/wp\/v2\/comments?post=1195"}],"wp:featuredmedia":[{"embeddable":true,"href":"https:\/\/tecniagroxxi.com\/tienda\/wp-json\/wp\/v2\/media\/1196"}],"wp:attachment":[{"href":"https:\/\/tecniagroxxi.com\/tienda\/wp-json\/wp\/v2\/media?parent=1195"}],"wp:term":[{"taxonomy":"product_brand","embeddable":true,"href":"https:\/\/tecniagroxxi.com\/tienda\/wp-json\/wp\/v2\/product_brand?post=1195"},{"taxonomy":"product_cat","embeddable":true,"href":"https:\/\/tecniagroxxi.com\/tienda\/wp-json\/wp\/v2\/product_cat?post=1195"},{"taxonomy":"product_tag","embeddable":true,"href":"https:\/\/tecniagroxxi.com\/tienda\/wp-json\/wp\/v2\/product_tag?post=1195"}],"curies":[{"name":"wp","href":"https:\/\/api.w.org\/{rel}","templated":true}]}}