{"id":122,"date":"2025-05-09T18:35:10","date_gmt":"2025-05-09T16:35:10","guid":{"rendered":"https:\/\/tecniagroxxi.com\/tienda\/?post_type=product&#038;p=122"},"modified":"2025-08-25T08:25:30","modified_gmt":"2025-08-25T06:25:30","slug":"gotero-ndc","status":"publish","type":"product","link":"https:\/\/tecniagroxxi.com\/tienda\/producto\/gotero-ndc\/","title":{"rendered":"Gotero NDC"},"content":{"rendered":"<p id=\"tw-target-text\" class=\"tw-data-text tw-text-large tw-ta\" dir=\"ltr\" data-placeholder=\"Traducci\u00f3n\" data-ved=\"2ahUKEwixvtSV5JaNAxVlWKQEHTevHR0Q3ewLegQICRAV\" aria-label=\"Texto traducido: El gotero en l\u00ednea inspeccionable se puede abrir para verificar si hay suciedad en su interior. Esta funci\u00f3n permite realizar un peque\u00f1o mantenimiento de limpieza para que vuelva a ser funcional y eficiente. Es un excelente compromiso entre funcionalidad y econom\u00eda gracias a un buen rendimiento en terrenos llanos o inclinados. Disponible en las versiones PC autocompensante \u201cNDC\u201d y turbulenta \u201cNDN\u201d\"><span class=\"Y2IQFc\" lang=\"es\">El gotero autocompensante desmontable en l\u00ednea e inspeccionable (NDC), se puede abrir para verificar si hay suciedad en su interior. Esta funci\u00f3n permite realizar un peque\u00f1o mantenimiento de limpieza para que vuelva a ser funcional y eficiente. Es un excelente compromiso entre funcionalidad y econom\u00eda gracias a un buen rendimiento en terrenos llanos o inclinados.<\/span><\/p>\n<div id=\"itemDescriptiveAttributeWidget_3074457345616779429\" class=\"itemDescriptiveAttributeWidget\">\n<h4 id=\"itemDescriptiveAttributeWidget_att_Car_title\">Caracter\u00edsticas:<\/h4>\n<p id=\"itemDescriptiveAttributeWidget_att_Car\">El flujo turbulento del laberinto proporciona una excelente resistencia a la oclusi\u00f3n. Este producto, que requiere muy poco mantenimiento, se caracteriza por su calidad de funcionamiento, funcionalidad de montaje en las innumerables combinaciones posibles y bajos costos.<\/p>\n<\/div>\n<div id=\"itemDescriptiveAttributeWidget_3074457345616779429\" class=\"itemDescriptiveAttributeWidget\">\n<h4 id=\"itemDescriptiveAttributeWidget_att_Vantaggi_title\">Ventajas:<\/h4>\n<ul>\n<li>Ahorro de agua<\/li>\n<li>Eficiencia del riego<\/li>\n<\/ul>\n<\/div>\n","protected":false},"excerpt":{"rendered":"<p><span class=\"Y2IQFc\" lang=\"es\">El gotero autocompensante desmontable en l\u00ednea e inspeccionable (NDC), se puede abrir para verificar si hay suciedad en su interior. Esta funci\u00f3n permite realizar un peque\u00f1o mantenimiento de limpieza para que vuelva a ser funcional y eficiente. Es un excelente compromiso entre funcionalidad y econom\u00eda gracias a un buen rendimiento en terrenos llanos o inclinados.<\/span><\/p>\n","protected":false},"featured_media":123,"comment_status":"open","ping_status":"closed","template":"","meta":{"_et_pb_use_builder":"","_et_pb_old_content":"","_et_gb_content_width":"","_joinchat":[]},"product_brand":[],"product_cat":[20],"product_tag":[26,27,22],"class_list":{"0":"post-122","1":"product","2":"type-product","3":"status-publish","4":"has-post-thumbnail","6":"product_cat-goteros","7":"product_tag-autocompensante","8":"product_tag-desmontable","9":"product_tag-gotero","11":"first","12":"instock","13":"taxable","14":"shipping-taxable","15":"purchasable","16":"product-type-variable"},"_links":{"self":[{"href":"https:\/\/tecniagroxxi.com\/tienda\/wp-json\/wp\/v2\/product\/122","targetHints":{"allow":["GET"]}}],"collection":[{"href":"https:\/\/tecniagroxxi.com\/tienda\/wp-json\/wp\/v2\/product"}],"about":[{"href":"https:\/\/tecniagroxxi.com\/tienda\/wp-json\/wp\/v2\/types\/product"}],"replies":[{"embeddable":true,"href":"https:\/\/tecniagroxxi.com\/tienda\/wp-json\/wp\/v2\/comments?post=122"}],"wp:featuredmedia":[{"embeddable":true,"href":"https:\/\/tecniagroxxi.com\/tienda\/wp-json\/wp\/v2\/media\/123"}],"wp:attachment":[{"href":"https:\/\/tecniagroxxi.com\/tienda\/wp-json\/wp\/v2\/media?parent=122"}],"wp:term":[{"taxonomy":"product_brand","embeddable":true,"href":"https:\/\/tecniagroxxi.com\/tienda\/wp-json\/wp\/v2\/product_brand?post=122"},{"taxonomy":"product_cat","embeddable":true,"href":"https:\/\/tecniagroxxi.com\/tienda\/wp-json\/wp\/v2\/product_cat?post=122"},{"taxonomy":"product_tag","embeddable":true,"href":"https:\/\/tecniagroxxi.com\/tienda\/wp-json\/wp\/v2\/product_tag?post=122"}],"curies":[{"name":"wp","href":"https:\/\/api.w.org\/{rel}","templated":true}]}}