{"id":1236,"date":"2025-08-04T08:52:39","date_gmt":"2025-08-04T06:52:39","guid":{"rendered":"https:\/\/tecniagroxxi.com\/tienda\/?post_type=product&#038;p=1236"},"modified":"2025-08-29T07:55:04","modified_gmt":"2025-08-29T05:55:04","slug":"manguito-roscado-de-pvc","status":"publish","type":"product","link":"https:\/\/tecniagroxxi.com\/tienda\/producto\/manguito-roscado-de-pvc\/","title":{"rendered":"Manguito roscado de PVC"},"content":{"rendered":"<p>El manguito roscado de PVC es ideal para instalaciones de agua.<\/p>\n<p>El manguito roscado de PVC es un accesorio indispensable para sistemas de conducci\u00f3n de agua a presi\u00f3n. Dise\u00f1ada para facilitar la uni\u00f3n recta, esta pieza permite conectar tramos de tuber\u00eda de forma segura, resistente y estanca, mediante el sistema de encolado.<\/p>\n<p>Disponible en varias medidas.<\/p>\n<p>Soporta una presi\u00f3n m\u00e1xima de 16 bares.<\/p>\n","protected":false},"excerpt":{"rendered":"<p>El manguito roscado de PVC es ideal para instalaciones de agua.<\/p>\n","protected":false},"featured_media":1237,"comment_status":"open","ping_status":"closed","template":"","meta":{"_et_pb_use_builder":"","_et_pb_old_content":"","_et_gb_content_width":"","_joinchat":[]},"product_brand":[],"product_cat":[47],"product_tag":[],"class_list":{"0":"post-1236","1":"product","2":"type-product","3":"status-publish","4":"has-post-thumbnail","6":"product_cat-roscado","8":"first","9":"instock","10":"taxable","11":"shipping-taxable","12":"purchasable","13":"product-type-variable"},"_links":{"self":[{"href":"https:\/\/tecniagroxxi.com\/tienda\/wp-json\/wp\/v2\/product\/1236","targetHints":{"allow":["GET"]}}],"collection":[{"href":"https:\/\/tecniagroxxi.com\/tienda\/wp-json\/wp\/v2\/product"}],"about":[{"href":"https:\/\/tecniagroxxi.com\/tienda\/wp-json\/wp\/v2\/types\/product"}],"replies":[{"embeddable":true,"href":"https:\/\/tecniagroxxi.com\/tienda\/wp-json\/wp\/v2\/comments?post=1236"}],"wp:featuredmedia":[{"embeddable":true,"href":"https:\/\/tecniagroxxi.com\/tienda\/wp-json\/wp\/v2\/media\/1237"}],"wp:attachment":[{"href":"https:\/\/tecniagroxxi.com\/tienda\/wp-json\/wp\/v2\/media?parent=1236"}],"wp:term":[{"taxonomy":"product_brand","embeddable":true,"href":"https:\/\/tecniagroxxi.com\/tienda\/wp-json\/wp\/v2\/product_brand?post=1236"},{"taxonomy":"product_cat","embeddable":true,"href":"https:\/\/tecniagroxxi.com\/tienda\/wp-json\/wp\/v2\/product_cat?post=1236"},{"taxonomy":"product_tag","embeddable":true,"href":"https:\/\/tecniagroxxi.com\/tienda\/wp-json\/wp\/v2\/product_tag?post=1236"}],"curies":[{"name":"wp","href":"https:\/\/api.w.org\/{rel}","templated":true}]}}