{"id":1257,"date":"2025-08-04T09:26:16","date_gmt":"2025-08-04T07:26:16","guid":{"rendered":"https:\/\/tecniagroxxi.com\/tienda\/?post_type=product&#038;p=1257"},"modified":"2025-08-29T08:00:21","modified_gmt":"2025-08-29T06:00:21","slug":"te-de-90o-rosca-de-pvc","status":"publish","type":"product","link":"https:\/\/tecniagroxxi.com\/tienda\/producto\/te-de-90o-rosca-de-pvc\/","title":{"rendered":"Te de 90\u00ba rosca de PVC"},"content":{"rendered":"<p>La Te de 90\u00ba rosca de PVC es ideal para instalaciones de agua.<\/p>\n<p>La Te de 90\u00ba rosca de PVC es un accesorio indispensable para sistemas de conducci\u00f3n de agua a presi\u00f3n. Dise\u00f1ada para facilitar la derivaci\u00f3n en \u00e1ngulo recto, esta pieza permite conectar tres tramos de tuber\u00eda de forma segura, resistente y estanca, mediante el sistema de encolado y su rosca hembra.<\/p>\n<p>Disponible en varias medidas.<\/p>\n<p>Soporta una presi\u00f3n m\u00e1xima de 16 bares.<\/p>\n","protected":false},"excerpt":{"rendered":"<p>La Te de 90\u00ba rosca de PVC es ideal para instalaciones de agua.<\/p>\n","protected":false},"featured_media":1258,"comment_status":"open","ping_status":"closed","template":"","meta":{"_et_pb_use_builder":"","_et_pb_old_content":"","_et_gb_content_width":"","_joinchat":[]},"product_brand":[],"product_cat":[47],"product_tag":[],"class_list":{"0":"post-1257","1":"product","2":"type-product","3":"status-publish","4":"has-post-thumbnail","6":"product_cat-roscado","8":"first","9":"instock","10":"taxable","11":"shipping-taxable","12":"purchasable","13":"product-type-variable"},"_links":{"self":[{"href":"https:\/\/tecniagroxxi.com\/tienda\/wp-json\/wp\/v2\/product\/1257","targetHints":{"allow":["GET"]}}],"collection":[{"href":"https:\/\/tecniagroxxi.com\/tienda\/wp-json\/wp\/v2\/product"}],"about":[{"href":"https:\/\/tecniagroxxi.com\/tienda\/wp-json\/wp\/v2\/types\/product"}],"replies":[{"embeddable":true,"href":"https:\/\/tecniagroxxi.com\/tienda\/wp-json\/wp\/v2\/comments?post=1257"}],"wp:featuredmedia":[{"embeddable":true,"href":"https:\/\/tecniagroxxi.com\/tienda\/wp-json\/wp\/v2\/media\/1258"}],"wp:attachment":[{"href":"https:\/\/tecniagroxxi.com\/tienda\/wp-json\/wp\/v2\/media?parent=1257"}],"wp:term":[{"taxonomy":"product_brand","embeddable":true,"href":"https:\/\/tecniagroxxi.com\/tienda\/wp-json\/wp\/v2\/product_brand?post=1257"},{"taxonomy":"product_cat","embeddable":true,"href":"https:\/\/tecniagroxxi.com\/tienda\/wp-json\/wp\/v2\/product_cat?post=1257"},{"taxonomy":"product_tag","embeddable":true,"href":"https:\/\/tecniagroxxi.com\/tienda\/wp-json\/wp\/v2\/product_tag?post=1257"}],"curies":[{"name":"wp","href":"https:\/\/api.w.org\/{rel}","templated":true}]}}