{"id":1267,"date":"2025-08-04T09:41:13","date_gmt":"2025-08-04T07:41:13","guid":{"rendered":"https:\/\/tecniagroxxi.com\/tienda\/?post_type=product&#038;p=1267"},"modified":"2025-08-29T08:01:35","modified_gmt":"2025-08-29T06:01:35","slug":"brida-rosca-hembra-de-pvc","status":"publish","type":"product","link":"https:\/\/tecniagroxxi.com\/tienda\/producto\/brida-rosca-hembra-de-pvc\/","title":{"rendered":"Brida rosca hembra de PVC"},"content":{"rendered":"<p>La brida rosca hembra de PVC es un componente esencial en sistemas de conducci\u00f3n de fluidos, permitiendo una conexi\u00f3n s\u00f3lida, desmontable y resistente entre tuber\u00edas y otros accesorios mediante uni\u00f3n brida-brida.<\/p>\n<p>Dise\u00f1ada para ser encolada directamente a la tuber\u00eda, garantiza estanqueidad, facilidad de instalaci\u00f3n y mantenimiento.<\/p>\n<p>Disponible en varias medidas.<\/p>\n<p>Soporta una presi\u00f3n m\u00e1xima de 10-16 bares, dependiendo del modelo.<\/p>\n","protected":false},"excerpt":{"rendered":"<p>La brida rosca hembra de PVC es un componente esencial en sistemas de conducci\u00f3n de fluidos, permitiendo una conexi\u00f3n s\u00f3lida, desmontable y resistente entre tuber\u00edas y otros accesorios mediante uni\u00f3n brida-brida.<\/p>\n","protected":false},"featured_media":1268,"comment_status":"open","ping_status":"closed","template":"","meta":{"_et_pb_use_builder":"","_et_pb_old_content":"","_et_gb_content_width":"","_joinchat":[]},"product_brand":[],"product_cat":[47],"product_tag":[],"class_list":{"0":"post-1267","1":"product","2":"type-product","3":"status-publish","4":"has-post-thumbnail","6":"product_cat-roscado","8":"first","9":"instock","10":"taxable","11":"shipping-taxable","12":"purchasable","13":"product-type-variable"},"_links":{"self":[{"href":"https:\/\/tecniagroxxi.com\/tienda\/wp-json\/wp\/v2\/product\/1267","targetHints":{"allow":["GET"]}}],"collection":[{"href":"https:\/\/tecniagroxxi.com\/tienda\/wp-json\/wp\/v2\/product"}],"about":[{"href":"https:\/\/tecniagroxxi.com\/tienda\/wp-json\/wp\/v2\/types\/product"}],"replies":[{"embeddable":true,"href":"https:\/\/tecniagroxxi.com\/tienda\/wp-json\/wp\/v2\/comments?post=1267"}],"wp:featuredmedia":[{"embeddable":true,"href":"https:\/\/tecniagroxxi.com\/tienda\/wp-json\/wp\/v2\/media\/1268"}],"wp:attachment":[{"href":"https:\/\/tecniagroxxi.com\/tienda\/wp-json\/wp\/v2\/media?parent=1267"}],"wp:term":[{"taxonomy":"product_brand","embeddable":true,"href":"https:\/\/tecniagroxxi.com\/tienda\/wp-json\/wp\/v2\/product_brand?post=1267"},{"taxonomy":"product_cat","embeddable":true,"href":"https:\/\/tecniagroxxi.com\/tienda\/wp-json\/wp\/v2\/product_cat?post=1267"},{"taxonomy":"product_tag","embeddable":true,"href":"https:\/\/tecniagroxxi.com\/tienda\/wp-json\/wp\/v2\/product_tag?post=1267"}],"curies":[{"name":"wp","href":"https:\/\/api.w.org\/{rel}","templated":true}]}}