{"id":1271,"date":"2025-08-04T10:13:42","date_gmt":"2025-08-04T08:13:42","guid":{"rendered":"https:\/\/tecniagroxxi.com\/tienda\/?post_type=product&#038;p=1271"},"modified":"2025-08-29T08:48:00","modified_gmt":"2025-08-29T06:48:00","slug":"valvula-esfera-pvc-hembra-hembra-encolar-con-safe-block","status":"publish","type":"product","link":"https:\/\/tecniagroxxi.com\/tienda\/producto\/valvula-esfera-pvc-hembra-hembra-encolar-con-safe-block\/","title":{"rendered":"V\u00e1lvula esfera PVC Hembra-Hembra encolar con safe block"},"content":{"rendered":"<p>La v\u00e1lvula de esfera de PVC Hembra-Hembra encolar con sistema Safe Block es una soluci\u00f3n eficiente, segura y duradera para sistemas de conducci\u00f3n de fluidos a presi\u00f3n.<\/p>\n<p>Fabricada en PVC de alta calidad, esta v\u00e1lvula est\u00e1 dise\u00f1ada para instalaciones en redes de agua potable, riego, piscinas, procesos industriales y aplicaciones qu\u00edmicas no agresivas.<\/p>\n<p>Disponible en varias medidas.<\/p>\n<p>Soporta una presi\u00f3n m\u00e1xima de 16 bares.<\/p>\n","protected":false},"excerpt":{"rendered":"<p>La v\u00e1lvula de esfera de PVC Hembra-Hembra encolar con sistema Safe Block es una soluci\u00f3n eficiente, segura y duradera para sistemas de conducci\u00f3n de fluidos a presi\u00f3n.<\/p>\n","protected":false},"featured_media":1273,"comment_status":"open","ping_status":"closed","template":"","meta":{"_et_pb_use_builder":"","_et_pb_old_content":"","_et_gb_content_width":"","_joinchat":[]},"product_brand":[],"product_cat":[45],"product_tag":[],"class_list":{"0":"post-1271","1":"product","2":"type-product","3":"status-publish","4":"has-post-thumbnail","6":"product_cat-encolar","8":"first","9":"instock","10":"taxable","11":"shipping-taxable","12":"purchasable","13":"product-type-variable"},"_links":{"self":[{"href":"https:\/\/tecniagroxxi.com\/tienda\/wp-json\/wp\/v2\/product\/1271","targetHints":{"allow":["GET"]}}],"collection":[{"href":"https:\/\/tecniagroxxi.com\/tienda\/wp-json\/wp\/v2\/product"}],"about":[{"href":"https:\/\/tecniagroxxi.com\/tienda\/wp-json\/wp\/v2\/types\/product"}],"replies":[{"embeddable":true,"href":"https:\/\/tecniagroxxi.com\/tienda\/wp-json\/wp\/v2\/comments?post=1271"}],"wp:featuredmedia":[{"embeddable":true,"href":"https:\/\/tecniagroxxi.com\/tienda\/wp-json\/wp\/v2\/media\/1273"}],"wp:attachment":[{"href":"https:\/\/tecniagroxxi.com\/tienda\/wp-json\/wp\/v2\/media?parent=1271"}],"wp:term":[{"taxonomy":"product_brand","embeddable":true,"href":"https:\/\/tecniagroxxi.com\/tienda\/wp-json\/wp\/v2\/product_brand?post=1271"},{"taxonomy":"product_cat","embeddable":true,"href":"https:\/\/tecniagroxxi.com\/tienda\/wp-json\/wp\/v2\/product_cat?post=1271"},{"taxonomy":"product_tag","embeddable":true,"href":"https:\/\/tecniagroxxi.com\/tienda\/wp-json\/wp\/v2\/product_tag?post=1271"}],"curies":[{"name":"wp","href":"https:\/\/api.w.org\/{rel}","templated":true}]}}