{"id":150,"date":"2025-06-02T08:37:21","date_gmt":"2025-06-02T06:37:21","guid":{"rendered":"https:\/\/tecniagroxxi.com\/tienda\/?post_type=product&#038;p=150"},"modified":"2025-08-25T13:09:00","modified_gmt":"2025-08-25T11:09:00","slug":"tapon-pe-rosca-hembra","status":"publish","type":"product","link":"https:\/\/tecniagroxxi.com\/tienda\/producto\/tapon-pe-rosca-hembra\/","title":{"rendered":"Tap\u00f3n PP rosca hembra"},"content":{"rendered":"<p>El tap\u00f3n rosca hembra de PP (polipropileno) es un accesorio para tuber\u00eda de polietileno dise\u00f1ado para facilitar la terminaci\u00f3n o cierre de tuber\u00edas de polietileno de manera segura y eficiente.<\/p>\n<p>Este tap\u00f3n de polipropileno cuenta con una rosca hembra que asegura y facilita su instalaci\u00f3n. Ideal para su uso en instalaciones con tuber\u00edas en diferentes \u00e1reas, garantizando una excelente estanqueidad y durabilidad.<\/p>\n<p>Disponible en varios tama\u00f1os y compatible con diferentes tipos de tuber\u00edas de polietileno.<\/p>\n<p>Los tapones de medidas de 1\/2 a 3&#8243; soportan presiones m\u00e1ximas de 10 bares.<\/p>\n<p>Los tapones de medidas de 4&#8243; soportan presiones m\u00e1ximas de 10 bares.<\/p>\n","protected":false},"excerpt":{"rendered":"<p>El tap\u00f3n rosca hembra de PP (polipropileno) es un accesorio para tuber\u00eda de polietileno dise\u00f1ado para facilitar la terminaci\u00f3n o cierre de tuber\u00edas de polietileno de manera segura y eficiente.<\/p>\n","protected":false},"featured_media":160,"comment_status":"open","ping_status":"closed","template":"","meta":{"_et_pb_use_builder":"","_et_pb_old_content":"","_et_gb_content_width":"","_joinchat":[]},"product_brand":[],"product_cat":[35],"product_tag":[],"class_list":{"0":"post-150","1":"product","2":"type-product","3":"status-publish","4":"has-post-thumbnail","6":"product_cat-accesorios-roscados","8":"first","9":"instock","10":"taxable","11":"shipping-taxable","12":"purchasable","13":"product-type-variable"},"_links":{"self":[{"href":"https:\/\/tecniagroxxi.com\/tienda\/wp-json\/wp\/v2\/product\/150","targetHints":{"allow":["GET"]}}],"collection":[{"href":"https:\/\/tecniagroxxi.com\/tienda\/wp-json\/wp\/v2\/product"}],"about":[{"href":"https:\/\/tecniagroxxi.com\/tienda\/wp-json\/wp\/v2\/types\/product"}],"replies":[{"embeddable":true,"href":"https:\/\/tecniagroxxi.com\/tienda\/wp-json\/wp\/v2\/comments?post=150"}],"wp:featuredmedia":[{"embeddable":true,"href":"https:\/\/tecniagroxxi.com\/tienda\/wp-json\/wp\/v2\/media\/160"}],"wp:attachment":[{"href":"https:\/\/tecniagroxxi.com\/tienda\/wp-json\/wp\/v2\/media?parent=150"}],"wp:term":[{"taxonomy":"product_brand","embeddable":true,"href":"https:\/\/tecniagroxxi.com\/tienda\/wp-json\/wp\/v2\/product_brand?post=150"},{"taxonomy":"product_cat","embeddable":true,"href":"https:\/\/tecniagroxxi.com\/tienda\/wp-json\/wp\/v2\/product_cat?post=150"},{"taxonomy":"product_tag","embeddable":true,"href":"https:\/\/tecniagroxxi.com\/tienda\/wp-json\/wp\/v2\/product_tag?post=150"}],"curies":[{"name":"wp","href":"https:\/\/api.w.org\/{rel}","templated":true}]}}