{"id":161,"date":"2025-06-02T08:55:25","date_gmt":"2025-06-02T06:55:25","guid":{"rendered":"https:\/\/tecniagroxxi.com\/tienda\/?post_type=product&#038;p=161"},"modified":"2025-08-25T13:11:28","modified_gmt":"2025-08-25T11:11:28","slug":"tapon-pe-rosca-macho","status":"publish","type":"product","link":"https:\/\/tecniagroxxi.com\/tienda\/producto\/tapon-pe-rosca-macho\/","title":{"rendered":"Tap\u00f3n PP rosca macho"},"content":{"rendered":"<p>El tap\u00f3n rosca macho de PP (polipropileno) es un accesorio para tuber\u00eda de polietileno dise\u00f1ado para facilitar la terminaci\u00f3n o cierre de tuber\u00edas de polietileno de manera segura y eficiente.<\/p>\n<p>Este tap\u00f3n de polipropileno cuenta con una rosca macho que asegura y facilita su instalaci\u00f3n. Ideal para su uso en instalaciones con tuber\u00edas en diferentes \u00e1reas, garantizando una excelente estanqueidad y durabilidad.<\/p>\n<p>Disponible en varios tama\u00f1os y compatible con diferentes tipos de tuber\u00edas de polietileno.<\/p>\n<p>Los tapones rosca macho de PE soportan presiones m\u00e1ximas de 10 bares.<\/p>\n<p>&nbsp;<\/p>\n","protected":false},"excerpt":{"rendered":"<p>El tap\u00f3n rosca macho de PP (polipropileno) es un accesorio para tuber\u00eda de polietileno dise\u00f1ado para facilitar la terminaci\u00f3n o cierre de tuber\u00edas de polietileno de manera segura y eficiente.<\/p>\n","protected":false},"featured_media":171,"comment_status":"open","ping_status":"closed","template":"","meta":{"_et_pb_use_builder":"","_et_pb_old_content":"","_et_gb_content_width":"","_joinchat":[]},"product_brand":[],"product_cat":[35],"product_tag":[],"class_list":{"0":"post-161","1":"product","2":"type-product","3":"status-publish","4":"has-post-thumbnail","6":"product_cat-accesorios-roscados","8":"first","9":"instock","10":"taxable","11":"shipping-taxable","12":"purchasable","13":"product-type-variable"},"_links":{"self":[{"href":"https:\/\/tecniagroxxi.com\/tienda\/wp-json\/wp\/v2\/product\/161","targetHints":{"allow":["GET"]}}],"collection":[{"href":"https:\/\/tecniagroxxi.com\/tienda\/wp-json\/wp\/v2\/product"}],"about":[{"href":"https:\/\/tecniagroxxi.com\/tienda\/wp-json\/wp\/v2\/types\/product"}],"replies":[{"embeddable":true,"href":"https:\/\/tecniagroxxi.com\/tienda\/wp-json\/wp\/v2\/comments?post=161"}],"wp:featuredmedia":[{"embeddable":true,"href":"https:\/\/tecniagroxxi.com\/tienda\/wp-json\/wp\/v2\/media\/171"}],"wp:attachment":[{"href":"https:\/\/tecniagroxxi.com\/tienda\/wp-json\/wp\/v2\/media?parent=161"}],"wp:term":[{"taxonomy":"product_brand","embeddable":true,"href":"https:\/\/tecniagroxxi.com\/tienda\/wp-json\/wp\/v2\/product_brand?post=161"},{"taxonomy":"product_cat","embeddable":true,"href":"https:\/\/tecniagroxxi.com\/tienda\/wp-json\/wp\/v2\/product_cat?post=161"},{"taxonomy":"product_tag","embeddable":true,"href":"https:\/\/tecniagroxxi.com\/tienda\/wp-json\/wp\/v2\/product_tag?post=161"}],"curies":[{"name":"wp","href":"https:\/\/api.w.org\/{rel}","templated":true}]}}