{"id":1726,"date":"2025-08-11T13:48:28","date_gmt":"2025-08-11T11:48:28","guid":{"rendered":"https:\/\/tecniagroxxi.com\/tienda\/?post_type=product&#038;p=1726"},"modified":"2025-08-26T07:30:14","modified_gmt":"2025-08-26T05:30:14","slug":"insertador-de-derivaciones","status":"publish","type":"product","link":"https:\/\/tecniagroxxi.com\/tienda\/producto\/insertador-de-derivaciones\/","title":{"rendered":"Insertador de derivaciones"},"content":{"rendered":"<p>El insertador de derivaciones de tuber\u00eda, es una herramienta especializada utilizada en sistemas de riego y fontaner\u00eda para realizar perforaciones en tuber\u00edas de forma r\u00e1pida y eficiente.<\/p>\n<p>Es ideal para la instalaci\u00f3n de derivaciones en redes de riego, fontaner\u00eda o sistemas industriales, permitiendo conectar ramales a una tuber\u00eda principal sin la necesidad de desmantelar el sistema existente.<\/p>\n<p>Disponibles varias partes.<\/p>\n","protected":false},"excerpt":{"rendered":"<p>El insertador de derivaciones de tuber\u00eda, es una herramienta especializada utilizada en sistemas de riego y fontaner\u00eda para realizar perforaciones en tuber\u00edas de forma r\u00e1pida y eficiente.<\/p>\n","protected":false},"featured_media":1727,"comment_status":"open","ping_status":"closed","template":"","meta":{"_et_pb_use_builder":"","_et_pb_old_content":"","_et_gb_content_width":"","_joinchat":[]},"product_brand":[],"product_cat":[40],"product_tag":[],"class_list":{"0":"post-1726","1":"product","2":"type-product","3":"status-publish","4":"has-post-thumbnail","6":"product_cat-herramientas-y-pegamentos","8":"first","9":"instock","10":"taxable","11":"shipping-taxable","12":"purchasable","13":"product-type-variable"},"_links":{"self":[{"href":"https:\/\/tecniagroxxi.com\/tienda\/wp-json\/wp\/v2\/product\/1726","targetHints":{"allow":["GET"]}}],"collection":[{"href":"https:\/\/tecniagroxxi.com\/tienda\/wp-json\/wp\/v2\/product"}],"about":[{"href":"https:\/\/tecniagroxxi.com\/tienda\/wp-json\/wp\/v2\/types\/product"}],"replies":[{"embeddable":true,"href":"https:\/\/tecniagroxxi.com\/tienda\/wp-json\/wp\/v2\/comments?post=1726"}],"wp:featuredmedia":[{"embeddable":true,"href":"https:\/\/tecniagroxxi.com\/tienda\/wp-json\/wp\/v2\/media\/1727"}],"wp:attachment":[{"href":"https:\/\/tecniagroxxi.com\/tienda\/wp-json\/wp\/v2\/media?parent=1726"}],"wp:term":[{"taxonomy":"product_brand","embeddable":true,"href":"https:\/\/tecniagroxxi.com\/tienda\/wp-json\/wp\/v2\/product_brand?post=1726"},{"taxonomy":"product_cat","embeddable":true,"href":"https:\/\/tecniagroxxi.com\/tienda\/wp-json\/wp\/v2\/product_cat?post=1726"},{"taxonomy":"product_tag","embeddable":true,"href":"https:\/\/tecniagroxxi.com\/tienda\/wp-json\/wp\/v2\/product_tag?post=1726"}],"curies":[{"name":"wp","href":"https:\/\/api.w.org\/{rel}","templated":true}]}}