{"id":1731,"date":"2025-08-11T13:53:21","date_gmt":"2025-08-11T11:53:21","guid":{"rendered":"https:\/\/tecniagroxxi.com\/tienda\/?post_type=product&#038;p=1731"},"modified":"2025-08-26T07:31:13","modified_gmt":"2025-08-26T05:31:13","slug":"pinza-drip-clip-para-montaje-de-goteros","status":"publish","type":"product","link":"https:\/\/tecniagroxxi.com\/tienda\/producto\/pinza-drip-clip-para-montaje-de-goteros\/","title":{"rendered":"Pinza Drip clip para montaje de goteros"},"content":{"rendered":"<p>Pinza Drip clip para el montaje de goteros permite colocar r\u00e1pidamente los goteros en tuber\u00edas.<\/p>\n<p>R\u00e1pido y f\u00e1cil de utilizar. Sin esfuerzo y sin fugas de agua.<\/p>\n<p>V\u00e1lido para tuber\u00edas de 16 mm o 20 mm. V\u00e1lido para pr\u00e1cticamente la totalidad de goteros de tama\u00f1o medio del mercado (desde 14 a 23 mm de di\u00e1metro).<\/p>\n","protected":false},"excerpt":{"rendered":"<p>Pinza Drip clip para el montaje de goteros permite colocar r\u00e1pidamente los goteros en tuber\u00edas.<\/p>\n","protected":false},"featured_media":1732,"comment_status":"open","ping_status":"closed","template":"","meta":{"_et_pb_use_builder":"","_et_pb_old_content":"","_et_gb_content_width":"","_joinchat":[]},"product_brand":[],"product_cat":[40],"product_tag":[],"class_list":{"0":"post-1731","1":"product","2":"type-product","3":"status-publish","4":"has-post-thumbnail","6":"product_cat-herramientas-y-pegamentos","8":"first","9":"instock","10":"taxable","11":"shipping-taxable","12":"purchasable","13":"product-type-variable"},"_links":{"self":[{"href":"https:\/\/tecniagroxxi.com\/tienda\/wp-json\/wp\/v2\/product\/1731","targetHints":{"allow":["GET"]}}],"collection":[{"href":"https:\/\/tecniagroxxi.com\/tienda\/wp-json\/wp\/v2\/product"}],"about":[{"href":"https:\/\/tecniagroxxi.com\/tienda\/wp-json\/wp\/v2\/types\/product"}],"replies":[{"embeddable":true,"href":"https:\/\/tecniagroxxi.com\/tienda\/wp-json\/wp\/v2\/comments?post=1731"}],"wp:featuredmedia":[{"embeddable":true,"href":"https:\/\/tecniagroxxi.com\/tienda\/wp-json\/wp\/v2\/media\/1732"}],"wp:attachment":[{"href":"https:\/\/tecniagroxxi.com\/tienda\/wp-json\/wp\/v2\/media?parent=1731"}],"wp:term":[{"taxonomy":"product_brand","embeddable":true,"href":"https:\/\/tecniagroxxi.com\/tienda\/wp-json\/wp\/v2\/product_brand?post=1731"},{"taxonomy":"product_cat","embeddable":true,"href":"https:\/\/tecniagroxxi.com\/tienda\/wp-json\/wp\/v2\/product_cat?post=1731"},{"taxonomy":"product_tag","embeddable":true,"href":"https:\/\/tecniagroxxi.com\/tienda\/wp-json\/wp\/v2\/product_tag?post=1731"}],"curies":[{"name":"wp","href":"https:\/\/api.w.org\/{rel}","templated":true}]}}