{"id":1742,"date":"2025-08-11T14:31:57","date_gmt":"2025-08-11T12:31:57","guid":{"rendered":"https:\/\/tecniagroxxi.com\/tienda\/?post_type=product&#038;p=1742"},"modified":"2025-08-25T12:59:27","modified_gmt":"2025-08-25T10:59:27","slug":"ventosa-trifuncional-cinetica-y-automatica","status":"publish","type":"product","link":"https:\/\/tecniagroxxi.com\/tienda\/producto\/ventosa-trifuncional-cinetica-y-automatica\/","title":{"rendered":"Ventosa trifuncional cin\u00e9tica y autom\u00e1tica"},"content":{"rendered":"<p>Dise\u00f1ada para extraer el aire de conducciones, grandes filtros y dep\u00f3sitos .<\/p>\n<p>Cuenta con un sistema de doble cierre independiente, uno para la funci\u00f3n cin\u00e9tica y otro para la autom\u00e1tica; la baja densidad de su flotador la hacen herm\u00e9tica durante la puesta en presi\u00f3n o vaciado del sistema, por lentas que sean estas operaciones.<\/p>\n<p>Incluye una rejilla interior en el codo para prevenir la entrada de objetos extra\u00f1os al interior de la v\u00e1lvula.<\/p>\n<p>Disponible en varias medidas.<\/p>\n","protected":false},"excerpt":{"rendered":"<p>Dise\u00f1ada para extraer el aire de conducciones, grandes filtros y dep\u00f3sitos .<\/p>\n","protected":false},"featured_media":1743,"comment_status":"open","ping_status":"closed","template":"","meta":{"_et_pb_use_builder":"","_et_pb_old_content":"","_et_gb_content_width":"","_joinchat":[]},"product_brand":[],"product_cat":[49],"product_tag":[],"class_list":{"0":"post-1742","1":"product","2":"type-product","3":"status-publish","4":"has-post-thumbnail","6":"product_cat-ventosas-y-valvulas-final-de-linea","8":"first","9":"instock","10":"taxable","11":"shipping-taxable","12":"purchasable","13":"product-type-variable"},"_links":{"self":[{"href":"https:\/\/tecniagroxxi.com\/tienda\/wp-json\/wp\/v2\/product\/1742","targetHints":{"allow":["GET"]}}],"collection":[{"href":"https:\/\/tecniagroxxi.com\/tienda\/wp-json\/wp\/v2\/product"}],"about":[{"href":"https:\/\/tecniagroxxi.com\/tienda\/wp-json\/wp\/v2\/types\/product"}],"replies":[{"embeddable":true,"href":"https:\/\/tecniagroxxi.com\/tienda\/wp-json\/wp\/v2\/comments?post=1742"}],"wp:featuredmedia":[{"embeddable":true,"href":"https:\/\/tecniagroxxi.com\/tienda\/wp-json\/wp\/v2\/media\/1743"}],"wp:attachment":[{"href":"https:\/\/tecniagroxxi.com\/tienda\/wp-json\/wp\/v2\/media?parent=1742"}],"wp:term":[{"taxonomy":"product_brand","embeddable":true,"href":"https:\/\/tecniagroxxi.com\/tienda\/wp-json\/wp\/v2\/product_brand?post=1742"},{"taxonomy":"product_cat","embeddable":true,"href":"https:\/\/tecniagroxxi.com\/tienda\/wp-json\/wp\/v2\/product_cat?post=1742"},{"taxonomy":"product_tag","embeddable":true,"href":"https:\/\/tecniagroxxi.com\/tienda\/wp-json\/wp\/v2\/product_tag?post=1742"}],"curies":[{"name":"wp","href":"https:\/\/api.w.org\/{rel}","templated":true}]}}