{"id":1860,"date":"2025-08-12T14:06:27","date_gmt":"2025-08-12T12:06:27","guid":{"rendered":"https:\/\/tecniagroxxi.com\/tienda\/?post_type=product&#038;p=1860"},"modified":"2025-08-25T08:53:04","modified_gmt":"2025-08-25T06:53:04","slug":"contador-sin-necesidad-de-tramos-rectilineos-u0-d0-predator","status":"publish","type":"product","link":"https:\/\/tecniagroxxi.com\/tienda\/producto\/contador-sin-necesidad-de-tramos-rectilineos-u0-d0-predator\/","title":{"rendered":"Contador sin necesidad de tramos rectil\u00edneos U0-D0 (PREDATOR)"},"content":{"rendered":"<p>El contador de agua U0-D0 est\u00e1 dise\u00f1ado para medir caudales de forma precisa incluso en instalaciones con espacio reducido o sin posibilidad de instalar tramos rectos antes y despu\u00e9s del contador.<\/p>\n<p>Gracias a su innovador dise\u00f1o hidr\u00e1ulico, mantiene la exactitud de la medici\u00f3n eliminando la influencia de turbulencias o cambios de direcci\u00f3n del flujo.<\/p>\n<p>Fabricado con materiales resistentes a la corrosi\u00f3n y al desgaste, este contador garantiza una larga vida \u00fatil y un rendimiento estable en diferentes condiciones de trabajo. Es ideal para redes de abastecimiento, instalaciones dom\u00e9sticas, riego y entornos industriales donde las limitaciones de espacio impiden cumplir con las recomendaciones tradicionales de instalaci\u00f3n.<\/p>\n<p>Disponible en varias medidas, preequipado con emisor.<\/p>\n","protected":false},"excerpt":{"rendered":"<p>El contador de agua U0-D0 est\u00e1 dise\u00f1ado para medir caudales de forma precisa incluso en instalaciones con espacio reducido o sin posibilidad de instalar tramos rectos antes y despu\u00e9s del contador.<\/p>\n","protected":false},"featured_media":1861,"comment_status":"open","ping_status":"closed","template":"","meta":{"_et_pb_use_builder":"","_et_pb_old_content":"","_et_gb_content_width":"","_joinchat":[]},"product_brand":[],"product_cat":[56],"product_tag":[],"class_list":{"0":"post-1860","1":"product","2":"type-product","3":"status-publish","4":"has-post-thumbnail","6":"product_cat-contadores","8":"first","9":"instock","10":"taxable","11":"shipping-taxable","12":"purchasable","13":"product-type-variable"},"_links":{"self":[{"href":"https:\/\/tecniagroxxi.com\/tienda\/wp-json\/wp\/v2\/product\/1860","targetHints":{"allow":["GET"]}}],"collection":[{"href":"https:\/\/tecniagroxxi.com\/tienda\/wp-json\/wp\/v2\/product"}],"about":[{"href":"https:\/\/tecniagroxxi.com\/tienda\/wp-json\/wp\/v2\/types\/product"}],"replies":[{"embeddable":true,"href":"https:\/\/tecniagroxxi.com\/tienda\/wp-json\/wp\/v2\/comments?post=1860"}],"wp:featuredmedia":[{"embeddable":true,"href":"https:\/\/tecniagroxxi.com\/tienda\/wp-json\/wp\/v2\/media\/1861"}],"wp:attachment":[{"href":"https:\/\/tecniagroxxi.com\/tienda\/wp-json\/wp\/v2\/media?parent=1860"}],"wp:term":[{"taxonomy":"product_brand","embeddable":true,"href":"https:\/\/tecniagroxxi.com\/tienda\/wp-json\/wp\/v2\/product_brand?post=1860"},{"taxonomy":"product_cat","embeddable":true,"href":"https:\/\/tecniagroxxi.com\/tienda\/wp-json\/wp\/v2\/product_cat?post=1860"},{"taxonomy":"product_tag","embeddable":true,"href":"https:\/\/tecniagroxxi.com\/tienda\/wp-json\/wp\/v2\/product_tag?post=1860"}],"curies":[{"name":"wp","href":"https:\/\/api.w.org\/{rel}","templated":true}]}}