{"id":1869,"date":"2025-08-12T14:23:05","date_gmt":"2025-08-12T12:23:05","guid":{"rendered":"https:\/\/tecniagroxxi.com\/tienda\/?post_type=product&#038;p=1869"},"modified":"2025-08-25T09:06:29","modified_gmt":"2025-08-25T07:06:29","slug":"contador-sin-necesidad-de-tramos-rectilineos-u0-d0-victaulic","status":"publish","type":"product","link":"https:\/\/tecniagroxxi.com\/tienda\/producto\/contador-sin-necesidad-de-tramos-rectilineos-u0-d0-victaulic\/","title":{"rendered":"Contador sin necesidad de tramos rectil\u00edneos U0-D0 Victaulic"},"content":{"rendered":"<p data-start=\"104\" data-end=\"525\">El contador de agua Victaulic U0-D0 est\u00e1 dise\u00f1ado para ofrecer una medici\u00f3n precisa sin necesidad de instalar tramos rectos antes o despu\u00e9s del equipo, gracias a su avanzado dise\u00f1o hidr\u00e1ulico.<\/p>\n<p data-start=\"104\" data-end=\"525\">Esta caracter\u00edstica lo convierte en la soluci\u00f3n ideal para instalaciones con espacio limitado o configuraciones de tuber\u00eda complejas.<\/p>\n<p data-start=\"527\" data-end=\"836\">Su conexi\u00f3n tipo Victaulic garantiza una instalaci\u00f3n r\u00e1pida, segura y sin roscados ni bridas, facilitando el mantenimiento y reduciendo tiempos de montaje. Fabricado con materiales de alta resistencia a la corrosi\u00f3n y al desgaste, asegura una larga vida \u00fatil incluso en condiciones de trabajo exigentes.<\/p>\n<p data-start=\"527\" data-end=\"836\">Disponible en varias medidas, preequipado con emisor.<\/p>\n","protected":false},"excerpt":{"rendered":"<p>El contador de agua Victaulic U0-D0 est\u00e1 dise\u00f1ado para ofrecer una medici\u00f3n precisa sin necesidad de instalar tramos rectos antes o despu\u00e9s del equipo, gracias a su avanzado dise\u00f1o hidr\u00e1ulico.<\/p>\n","protected":false},"featured_media":1870,"comment_status":"open","ping_status":"closed","template":"","meta":{"_et_pb_use_builder":"","_et_pb_old_content":"","_et_gb_content_width":"","_joinchat":[]},"product_brand":[],"product_cat":[56],"product_tag":[],"class_list":{"0":"post-1869","1":"product","2":"type-product","3":"status-publish","4":"has-post-thumbnail","6":"product_cat-contadores","8":"first","9":"instock","10":"taxable","11":"shipping-taxable","12":"purchasable","13":"product-type-variable"},"_links":{"self":[{"href":"https:\/\/tecniagroxxi.com\/tienda\/wp-json\/wp\/v2\/product\/1869","targetHints":{"allow":["GET"]}}],"collection":[{"href":"https:\/\/tecniagroxxi.com\/tienda\/wp-json\/wp\/v2\/product"}],"about":[{"href":"https:\/\/tecniagroxxi.com\/tienda\/wp-json\/wp\/v2\/types\/product"}],"replies":[{"embeddable":true,"href":"https:\/\/tecniagroxxi.com\/tienda\/wp-json\/wp\/v2\/comments?post=1869"}],"wp:featuredmedia":[{"embeddable":true,"href":"https:\/\/tecniagroxxi.com\/tienda\/wp-json\/wp\/v2\/media\/1870"}],"wp:attachment":[{"href":"https:\/\/tecniagroxxi.com\/tienda\/wp-json\/wp\/v2\/media?parent=1869"}],"wp:term":[{"taxonomy":"product_brand","embeddable":true,"href":"https:\/\/tecniagroxxi.com\/tienda\/wp-json\/wp\/v2\/product_brand?post=1869"},{"taxonomy":"product_cat","embeddable":true,"href":"https:\/\/tecniagroxxi.com\/tienda\/wp-json\/wp\/v2\/product_cat?post=1869"},{"taxonomy":"product_tag","embeddable":true,"href":"https:\/\/tecniagroxxi.com\/tienda\/wp-json\/wp\/v2\/product_tag?post=1869"}],"curies":[{"name":"wp","href":"https:\/\/api.w.org\/{rel}","templated":true}]}}