{"id":192,"date":"2025-06-02T10:23:16","date_gmt":"2025-06-02T08:23:16","guid":{"rendered":"https:\/\/tecniagroxxi.com\/tienda\/?post_type=product&#038;p=192"},"modified":"2025-08-25T13:21:41","modified_gmt":"2025-08-25T11:21:41","slug":"manguito-hembra-hembra-pp","status":"publish","type":"product","link":"https:\/\/tecniagroxxi.com\/tienda\/producto\/manguito-hembra-hembra-pp\/","title":{"rendered":"Manguito hembra\/hembra PP"},"content":{"rendered":"<p>El manguito hembra\/hembra de PP es un dispositivo que permite conectar dos tubos mediante las roscas hembra\/hembra que presenta.<\/p>\n<p>Este manguito gracias a sus roscas asegura y facilita la conexi\u00f3n de dos tubos con rosca macho. Su dise\u00f1o permite una mejor distribuci\u00f3n de los sistemas de agua, garantizando su durabilidad.<\/p>\n<p>Disponible en varias medidas.<\/p>\n<p>Soporta una presi\u00f3n m\u00e1xima de 10 bares.<\/p>\n<p>Los manguitos de 2 1\/2&#8243; a 4&#8243; presentan un refuerzo con una anilla de acero inoxidable.<\/p>\n","protected":false},"excerpt":{"rendered":"<p>El manguito hembra\/hembra de PP es un dispositivo que permite conectar dos tubos mediante las roscas hembra\/hembra que presenta.<\/p>\n","protected":false},"featured_media":193,"comment_status":"open","ping_status":"closed","template":"","meta":{"_et_pb_use_builder":"","_et_pb_old_content":"","_et_gb_content_width":"","_joinchat":[]},"product_brand":[],"product_cat":[35],"product_tag":[],"class_list":{"0":"post-192","1":"product","2":"type-product","3":"status-publish","4":"has-post-thumbnail","6":"product_cat-accesorios-roscados","8":"first","9":"instock","10":"taxable","11":"shipping-taxable","12":"purchasable","13":"product-type-variable"},"_links":{"self":[{"href":"https:\/\/tecniagroxxi.com\/tienda\/wp-json\/wp\/v2\/product\/192","targetHints":{"allow":["GET"]}}],"collection":[{"href":"https:\/\/tecniagroxxi.com\/tienda\/wp-json\/wp\/v2\/product"}],"about":[{"href":"https:\/\/tecniagroxxi.com\/tienda\/wp-json\/wp\/v2\/types\/product"}],"replies":[{"embeddable":true,"href":"https:\/\/tecniagroxxi.com\/tienda\/wp-json\/wp\/v2\/comments?post=192"}],"wp:featuredmedia":[{"embeddable":true,"href":"https:\/\/tecniagroxxi.com\/tienda\/wp-json\/wp\/v2\/media\/193"}],"wp:attachment":[{"href":"https:\/\/tecniagroxxi.com\/tienda\/wp-json\/wp\/v2\/media?parent=192"}],"wp:term":[{"taxonomy":"product_brand","embeddable":true,"href":"https:\/\/tecniagroxxi.com\/tienda\/wp-json\/wp\/v2\/product_brand?post=192"},{"taxonomy":"product_cat","embeddable":true,"href":"https:\/\/tecniagroxxi.com\/tienda\/wp-json\/wp\/v2\/product_cat?post=192"},{"taxonomy":"product_tag","embeddable":true,"href":"https:\/\/tecniagroxxi.com\/tienda\/wp-json\/wp\/v2\/product_tag?post=192"}],"curies":[{"name":"wp","href":"https:\/\/api.w.org\/{rel}","templated":true}]}}