{"id":1922,"date":"2025-08-13T09:06:34","date_gmt":"2025-08-13T07:06:34","guid":{"rendered":"https:\/\/tecniagroxxi.com\/tienda\/?post_type=product&#038;p=1922"},"modified":"2025-08-25T14:51:10","modified_gmt":"2025-08-25T12:51:10","slug":"manguera-de-pvc-de-5-capas","status":"publish","type":"product","link":"https:\/\/tecniagroxxi.com\/tienda\/producto\/manguera-de-pvc-de-5-capas\/","title":{"rendered":"Manguera de PVC de 5 capas"},"content":{"rendered":"<p>La AQUATRICOT PLUS es una manguera de alta calidad, fabricada con 5 capas de PVC flexible y reforzada con tejido tricotado de poli\u00e9ster.<\/p>\n<p>Destinada especialmente para la conducci\u00f3n de agua potable, permitiendo el contacto con los alimentos.<\/p>\n<p>Libre de cadmio y bario. Sistema TDR (Tecnolog\u00eda Doble Refuerzo), que hace que la manguera sea antitorsi\u00f3n, consistente en una sobreposici\u00f3n de dos mallas<br \/>\nde hilo poli\u00e9ster, trenzado y tricotado, facilitando el uso de presiones m\u00e1s elevadas, uso constante y mayor durabilidad de la manguera.<\/p>\n<p>Soporta presiones m\u00e1ximas de 12 bares.<\/p>\n<p>Disponible en varias medidas y longitudes de rollo.<\/p>\n","protected":false},"excerpt":{"rendered":"<p>La AQUATRICOT PLUS es una manguera de alta calidad, fabricada con 5 capas de PVC flexible y reforzada con tejido tricotado de poli\u00e9ster.<\/p>\n","protected":false},"featured_media":1923,"comment_status":"open","ping_status":"closed","template":"","meta":{"_et_pb_use_builder":"","_et_pb_old_content":"","_et_gb_content_width":"","_joinchat":[]},"product_brand":[],"product_cat":[57],"product_tag":[],"class_list":{"0":"post-1922","1":"product","2":"type-product","3":"status-publish","4":"has-post-thumbnail","6":"product_cat-mangueras-de-jardineria","8":"first","9":"instock","10":"taxable","11":"shipping-taxable","12":"purchasable","13":"product-type-variable"},"_links":{"self":[{"href":"https:\/\/tecniagroxxi.com\/tienda\/wp-json\/wp\/v2\/product\/1922","targetHints":{"allow":["GET"]}}],"collection":[{"href":"https:\/\/tecniagroxxi.com\/tienda\/wp-json\/wp\/v2\/product"}],"about":[{"href":"https:\/\/tecniagroxxi.com\/tienda\/wp-json\/wp\/v2\/types\/product"}],"replies":[{"embeddable":true,"href":"https:\/\/tecniagroxxi.com\/tienda\/wp-json\/wp\/v2\/comments?post=1922"}],"wp:featuredmedia":[{"embeddable":true,"href":"https:\/\/tecniagroxxi.com\/tienda\/wp-json\/wp\/v2\/media\/1923"}],"wp:attachment":[{"href":"https:\/\/tecniagroxxi.com\/tienda\/wp-json\/wp\/v2\/media?parent=1922"}],"wp:term":[{"taxonomy":"product_brand","embeddable":true,"href":"https:\/\/tecniagroxxi.com\/tienda\/wp-json\/wp\/v2\/product_brand?post=1922"},{"taxonomy":"product_cat","embeddable":true,"href":"https:\/\/tecniagroxxi.com\/tienda\/wp-json\/wp\/v2\/product_cat?post=1922"},{"taxonomy":"product_tag","embeddable":true,"href":"https:\/\/tecniagroxxi.com\/tienda\/wp-json\/wp\/v2\/product_tag?post=1922"}],"curies":[{"name":"wp","href":"https:\/\/api.w.org\/{rel}","templated":true}]}}