{"id":1930,"date":"2025-08-13T09:37:23","date_gmt":"2025-08-13T07:37:23","guid":{"rendered":"https:\/\/tecniagroxxi.com\/tienda\/?post_type=product&#038;p=1930"},"modified":"2025-08-26T07:18:59","modified_gmt":"2025-08-26T05:18:59","slug":"manguera-tecnica","status":"publish","type":"product","link":"https:\/\/tecniagroxxi.com\/tienda\/producto\/manguera-tecnica\/","title":{"rendered":"Manguera t\u00e9cnica"},"content":{"rendered":"<p>La ARIN CRISTAL REFORZADA es una manguera t\u00e9cnica transparente de PVC flexible, reforzada con malla de poli\u00e9ster de alta tenacidad, especialmente dise\u00f1ada para la conducci\u00f3n de fluidos a presi\u00f3n en aplicaciones industriales, agr\u00edcolas, alimentarias y t\u00e9cnicas en general.<\/p>\n<p>Su transparencia permite una inspecci\u00f3n visual del flujo, mientras que su construcci\u00f3n reforzada asegura una excelente resistencia a la presi\u00f3n, sin comprometer la flexibilidad. Es apta para l\u00edquidos a temperaturas moderadas y ofrece buena resistencia a productos qu\u00edmicos, aceites ligeros y detergentes.<\/p>\n<p>Soporta presiones m\u00e1ximas de 15 bares.<\/p>\n<p>Disponible en varias medidas.<\/p>\n<p>Rollos de 50 metros.<\/p>\n","protected":false},"excerpt":{"rendered":"<p>La ARIN CRISTAL REFORZADA es una manguera t\u00e9cnica transparente de PVC flexible, reforzada con malla de poli\u00e9ster de alta tenacidad, especialmente dise\u00f1ada para la conducci\u00f3n de fluidos a presi\u00f3n en aplicaciones industriales, agr\u00edcolas, alimentarias y t\u00e9cnicas en general.<\/p>\n","protected":false},"featured_media":1931,"comment_status":"open","ping_status":"closed","template":"","meta":{"_et_pb_use_builder":"","_et_pb_old_content":"","_et_gb_content_width":"","_joinchat":[]},"product_brand":[],"product_cat":[57],"product_tag":[],"class_list":{"0":"post-1930","1":"product","2":"type-product","3":"status-publish","4":"has-post-thumbnail","6":"product_cat-mangueras-de-jardineria","8":"first","9":"instock","10":"taxable","11":"shipping-taxable","12":"purchasable","13":"product-type-variable"},"_links":{"self":[{"href":"https:\/\/tecniagroxxi.com\/tienda\/wp-json\/wp\/v2\/product\/1930","targetHints":{"allow":["GET"]}}],"collection":[{"href":"https:\/\/tecniagroxxi.com\/tienda\/wp-json\/wp\/v2\/product"}],"about":[{"href":"https:\/\/tecniagroxxi.com\/tienda\/wp-json\/wp\/v2\/types\/product"}],"replies":[{"embeddable":true,"href":"https:\/\/tecniagroxxi.com\/tienda\/wp-json\/wp\/v2\/comments?post=1930"}],"wp:featuredmedia":[{"embeddable":true,"href":"https:\/\/tecniagroxxi.com\/tienda\/wp-json\/wp\/v2\/media\/1931"}],"wp:attachment":[{"href":"https:\/\/tecniagroxxi.com\/tienda\/wp-json\/wp\/v2\/media?parent=1930"}],"wp:term":[{"taxonomy":"product_brand","embeddable":true,"href":"https:\/\/tecniagroxxi.com\/tienda\/wp-json\/wp\/v2\/product_brand?post=1930"},{"taxonomy":"product_cat","embeddable":true,"href":"https:\/\/tecniagroxxi.com\/tienda\/wp-json\/wp\/v2\/product_cat?post=1930"},{"taxonomy":"product_tag","embeddable":true,"href":"https:\/\/tecniagroxxi.com\/tienda\/wp-json\/wp\/v2\/product_tag?post=1930"}],"curies":[{"name":"wp","href":"https:\/\/api.w.org\/{rel}","templated":true}]}}