{"id":1952,"date":"2025-08-13T10:16:20","date_gmt":"2025-08-13T08:16:20","guid":{"rendered":"https:\/\/tecniagroxxi.com\/tienda\/?post_type=product&#038;p=1952"},"modified":"2025-08-26T07:25:49","modified_gmt":"2025-08-26T05:25:49","slug":"tuberia-de-pvc-reforzada-con-espiral-rigido","status":"publish","type":"product","link":"https:\/\/tecniagroxxi.com\/tienda\/producto\/tuberia-de-pvc-reforzada-con-espiral-rigido\/","title":{"rendered":"Tuber\u00eda de PVC reforzada con espiral r\u00edgido"},"content":{"rendered":"<p>La ARIN LIQUID es una manguera t\u00e9cnica de PVC flexible transparente, reforzada con una espiral r\u00edgida de PVC blanco embebida en su pared, lo que le proporciona una gran resistencia al vac\u00edo, a la deformaci\u00f3n y a la presi\u00f3n negativa.<\/p>\n<p>Es ideal para aspiraci\u00f3n e impulsi\u00f3n de l\u00edquidos, s\u00f3lidos y gases, tanto en aplicaciones agr\u00edcolas, industriales, como en camiones cisterna y sistemas de riego o drenaje.<\/p>\n<p>Su cuerpo transparente permite la inspecci\u00f3n visual del fluido, mientras que la espiral evita el colapso de la manguera durante la succi\u00f3n. Ofrece una excelente flexibilidad y resistencia a productos qu\u00edmicos, abrasi\u00f3n y agentes atmosf\u00e9ricos.<\/p>\n<p>Disponible en varias medidas.<\/p>\n","protected":false},"excerpt":{"rendered":"<p>La ARIN LIQUID es una manguera t\u00e9cnica de PVC flexible transparente, reforzada con una espiral r\u00edgida de PVC blanco embebida en su pared, lo que le proporciona una gran resistencia al vac\u00edo, a la deformaci\u00f3n y a la presi\u00f3n negativa.<\/p>\n","protected":false},"featured_media":1953,"comment_status":"open","ping_status":"closed","template":"","meta":{"_et_pb_use_builder":"","_et_pb_old_content":"","_et_gb_content_width":"","_joinchat":[]},"product_brand":[],"product_cat":[57],"product_tag":[],"class_list":{"0":"post-1952","1":"product","2":"type-product","3":"status-publish","4":"has-post-thumbnail","6":"product_cat-mangueras-de-jardineria","8":"first","9":"instock","10":"taxable","11":"shipping-taxable","12":"purchasable","13":"product-type-variable"},"_links":{"self":[{"href":"https:\/\/tecniagroxxi.com\/tienda\/wp-json\/wp\/v2\/product\/1952","targetHints":{"allow":["GET"]}}],"collection":[{"href":"https:\/\/tecniagroxxi.com\/tienda\/wp-json\/wp\/v2\/product"}],"about":[{"href":"https:\/\/tecniagroxxi.com\/tienda\/wp-json\/wp\/v2\/types\/product"}],"replies":[{"embeddable":true,"href":"https:\/\/tecniagroxxi.com\/tienda\/wp-json\/wp\/v2\/comments?post=1952"}],"wp:featuredmedia":[{"embeddable":true,"href":"https:\/\/tecniagroxxi.com\/tienda\/wp-json\/wp\/v2\/media\/1953"}],"wp:attachment":[{"href":"https:\/\/tecniagroxxi.com\/tienda\/wp-json\/wp\/v2\/media?parent=1952"}],"wp:term":[{"taxonomy":"product_brand","embeddable":true,"href":"https:\/\/tecniagroxxi.com\/tienda\/wp-json\/wp\/v2\/product_brand?post=1952"},{"taxonomy":"product_cat","embeddable":true,"href":"https:\/\/tecniagroxxi.com\/tienda\/wp-json\/wp\/v2\/product_cat?post=1952"},{"taxonomy":"product_tag","embeddable":true,"href":"https:\/\/tecniagroxxi.com\/tienda\/wp-json\/wp\/v2\/product_tag?post=1952"}],"curies":[{"name":"wp","href":"https:\/\/api.w.org\/{rel}","templated":true}]}}