{"id":2182,"date":"2025-09-01T12:46:17","date_gmt":"2025-09-01T10:46:17","guid":{"rendered":"https:\/\/tecniagroxxi.com\/tienda\/?post_type=product&#038;p=2182"},"modified":"2025-10-14T09:21:30","modified_gmt":"2025-10-14T07:21:30","slug":"azud-premier-pc-as","status":"publish","type":"product","link":"https:\/\/tecniagroxxi.com\/tienda\/producto\/azud-premier-pc-as\/","title":{"rendered":"AZUD PREMIER PC AS"},"content":{"rendered":"<p>AZUD PREMIER\u00a0 es la tuber\u00eda emisora con m\u00e1s precisi\u00f3n del mercado, que cumple con las especificaciones de la ISO 9261, que garantiza el crecimiento uniforme del cultivo en cualquier terreno, con menos recursos y con m\u00e1s respeto medioambiental.<\/p>\n<p>Su tecnolog\u00eda autocompensante y antisucci\u00f3n lo convierte en la mejor soluci\u00f3n para el riego por goteo subterr\u00e1neo, ya que evita la intrusi\u00f3n de part\u00edculas al emisor.<\/p>\n<p>Rango de trabajo: 0,5 &#8211; 4 bares.<\/p>\n<p>Disponible varios modelos con diferente di\u00e1metro, caudal y distancia entre goteros.<\/p>\n<p>&nbsp;<\/p>\n","protected":false},"excerpt":{"rendered":"<p>AZUD PREMIER\u00a0 es la tuber\u00eda emisora con m\u00e1s precisi\u00f3n del mercado, que garantiza el crecimiento uniforme del cultivo en cualquier terreno, con menos recursos y con m\u00e1s respeto medioambiental.<\/p>\n","protected":false},"featured_media":2183,"comment_status":"open","ping_status":"closed","template":"","meta":{"_et_pb_use_builder":"","_et_pb_old_content":"","_et_gb_content_width":"","_joinchat":[]},"product_brand":[],"product_cat":[78,63],"product_tag":[],"class_list":{"0":"post-2182","1":"product","2":"type-product","3":"status-publish","4":"has-post-thumbnail","6":"product_cat-azud","7":"product_cat-tuberia-con-gotero-integrado","9":"first","10":"instock","11":"taxable","12":"shipping-taxable","13":"purchasable","14":"product-type-variable"},"_links":{"self":[{"href":"https:\/\/tecniagroxxi.com\/tienda\/wp-json\/wp\/v2\/product\/2182","targetHints":{"allow":["GET"]}}],"collection":[{"href":"https:\/\/tecniagroxxi.com\/tienda\/wp-json\/wp\/v2\/product"}],"about":[{"href":"https:\/\/tecniagroxxi.com\/tienda\/wp-json\/wp\/v2\/types\/product"}],"replies":[{"embeddable":true,"href":"https:\/\/tecniagroxxi.com\/tienda\/wp-json\/wp\/v2\/comments?post=2182"}],"wp:featuredmedia":[{"embeddable":true,"href":"https:\/\/tecniagroxxi.com\/tienda\/wp-json\/wp\/v2\/media\/2183"}],"wp:attachment":[{"href":"https:\/\/tecniagroxxi.com\/tienda\/wp-json\/wp\/v2\/media?parent=2182"}],"wp:term":[{"taxonomy":"product_brand","embeddable":true,"href":"https:\/\/tecniagroxxi.com\/tienda\/wp-json\/wp\/v2\/product_brand?post=2182"},{"taxonomy":"product_cat","embeddable":true,"href":"https:\/\/tecniagroxxi.com\/tienda\/wp-json\/wp\/v2\/product_cat?post=2182"},{"taxonomy":"product_tag","embeddable":true,"href":"https:\/\/tecniagroxxi.com\/tienda\/wp-json\/wp\/v2\/product_tag?post=2182"}],"curies":[{"name":"wp","href":"https:\/\/api.w.org\/{rel}","templated":true}]}}