{"id":2234,"date":"2025-09-01T13:11:46","date_gmt":"2025-09-01T11:11:46","guid":{"rendered":"https:\/\/tecniagroxxi.com\/tienda\/?post_type=product&#038;p=2234"},"modified":"2025-10-14T09:22:28","modified_gmt":"2025-10-14T07:22:28","slug":"azud-pro","status":"publish","type":"product","link":"https:\/\/tecniagroxxi.com\/tienda\/producto\/azud-pro\/","title":{"rendered":"AZUD PRO"},"content":{"rendered":"<p>AZUD PRO es un \u00e9xito de AZUD fruto de sus 25 a\u00f1os de experiencia en el sector de la microirrigaci\u00f3n.<\/p>\n<p>El empleo de las \u00faltimas tecnolog\u00edas y de acertados criterios de dise\u00f1o para el desarrollo de nuevos modelos de emisores ha permitido a AZUD la aplicaci\u00f3n en AZUD PRO de DS Technology y as\u00ed obtener la m\u00e1xima eficiencia hidrodin\u00e1mica y fiabilidad del emisor bajo todas las condiciones de trabajo posibles.<\/p>\n<p>Empleado para el riego de cultivos intensivos, en explotaciones con cultivos arb\u00f3reos y para riego en invernadero.<\/p>\n<p>Rango de trabajo: 0,5 \u2013 3 bares.<\/p>\n","protected":false},"excerpt":{"rendered":"<p>AZUD PRO es un \u00e9xito de AZUD fruto de sus 25 a\u00f1os de experiencia en el sector de la microirrigaci\u00f3n.<\/p>\n","protected":false},"featured_media":2235,"comment_status":"open","ping_status":"closed","template":"","meta":{"_et_pb_use_builder":"","_et_pb_old_content":"","_et_gb_content_width":"","_joinchat":[]},"product_brand":[],"product_cat":[78,63],"product_tag":[],"class_list":{"0":"post-2234","1":"product","2":"type-product","3":"status-publish","4":"has-post-thumbnail","6":"product_cat-azud","7":"product_cat-tuberia-con-gotero-integrado","9":"first","10":"instock","11":"taxable","12":"shipping-taxable","13":"purchasable","14":"product-type-variable"},"_links":{"self":[{"href":"https:\/\/tecniagroxxi.com\/tienda\/wp-json\/wp\/v2\/product\/2234","targetHints":{"allow":["GET"]}}],"collection":[{"href":"https:\/\/tecniagroxxi.com\/tienda\/wp-json\/wp\/v2\/product"}],"about":[{"href":"https:\/\/tecniagroxxi.com\/tienda\/wp-json\/wp\/v2\/types\/product"}],"replies":[{"embeddable":true,"href":"https:\/\/tecniagroxxi.com\/tienda\/wp-json\/wp\/v2\/comments?post=2234"}],"wp:featuredmedia":[{"embeddable":true,"href":"https:\/\/tecniagroxxi.com\/tienda\/wp-json\/wp\/v2\/media\/2235"}],"wp:attachment":[{"href":"https:\/\/tecniagroxxi.com\/tienda\/wp-json\/wp\/v2\/media?parent=2234"}],"wp:term":[{"taxonomy":"product_brand","embeddable":true,"href":"https:\/\/tecniagroxxi.com\/tienda\/wp-json\/wp\/v2\/product_brand?post=2234"},{"taxonomy":"product_cat","embeddable":true,"href":"https:\/\/tecniagroxxi.com\/tienda\/wp-json\/wp\/v2\/product_cat?post=2234"},{"taxonomy":"product_tag","embeddable":true,"href":"https:\/\/tecniagroxxi.com\/tienda\/wp-json\/wp\/v2\/product_tag?post=2234"}],"curies":[{"name":"wp","href":"https:\/\/api.w.org\/{rel}","templated":true}]}}