{"id":2237,"date":"2025-09-01T13:45:18","date_gmt":"2025-09-01T11:45:18","guid":{"rendered":"https:\/\/tecniagroxxi.com\/tienda\/?post_type=product&#038;p=2237"},"modified":"2025-10-14T09:33:59","modified_gmt":"2025-10-14T07:33:59","slug":"azud-drip","status":"publish","type":"product","link":"https:\/\/tecniagroxxi.com\/tienda\/producto\/azud-drip\/","title":{"rendered":"AZUD DRIP"},"content":{"rendered":"<p>Tras 25 a\u00f1os en el mercado, lo que cuenta son los resultados, y los de AZUD DRIP han sido excelentes durante toda su trayectoria.<\/p>\n<p>Por ello\u00a0 es hoy una de las tuber\u00edas emisoras de r\u00e9gimen turbulento m\u00e1s vendidas del mundo, l\u00edder en m\u00e1s de 20 pa\u00edses.<\/p>\n<p>Las claves son su alta resistencia a la obturaci\u00f3n, larga vida y gran uniformidad de riego.<\/p>\n<p>Empleado para el riego de cultivos intensivos, en explotaciones con cultivos arb\u00f3reos y para riego en invernadero.<\/p>\n<p>Presi\u00f3n m\u00e1xima de trabajo: 4 bares.<\/p>\n","protected":false},"excerpt":{"rendered":"<p>Tras 25 a\u00f1os en el mercado, lo que cuenta son los resultados, y los de AZUD DRIP han sido excelentes durante toda su trayectoria.<\/p>\n","protected":false},"featured_media":2238,"comment_status":"open","ping_status":"closed","template":"","meta":{"_et_pb_use_builder":"","_et_pb_old_content":"","_et_gb_content_width":"","_joinchat":[]},"product_brand":[],"product_cat":[78,63],"product_tag":[],"class_list":{"0":"post-2237","1":"product","2":"type-product","3":"status-publish","4":"has-post-thumbnail","6":"product_cat-azud","7":"product_cat-tuberia-con-gotero-integrado","9":"first","10":"instock","11":"taxable","12":"shipping-taxable","13":"purchasable","14":"product-type-variable"},"_links":{"self":[{"href":"https:\/\/tecniagroxxi.com\/tienda\/wp-json\/wp\/v2\/product\/2237","targetHints":{"allow":["GET"]}}],"collection":[{"href":"https:\/\/tecniagroxxi.com\/tienda\/wp-json\/wp\/v2\/product"}],"about":[{"href":"https:\/\/tecniagroxxi.com\/tienda\/wp-json\/wp\/v2\/types\/product"}],"replies":[{"embeddable":true,"href":"https:\/\/tecniagroxxi.com\/tienda\/wp-json\/wp\/v2\/comments?post=2237"}],"wp:featuredmedia":[{"embeddable":true,"href":"https:\/\/tecniagroxxi.com\/tienda\/wp-json\/wp\/v2\/media\/2238"}],"wp:attachment":[{"href":"https:\/\/tecniagroxxi.com\/tienda\/wp-json\/wp\/v2\/media?parent=2237"}],"wp:term":[{"taxonomy":"product_brand","embeddable":true,"href":"https:\/\/tecniagroxxi.com\/tienda\/wp-json\/wp\/v2\/product_brand?post=2237"},{"taxonomy":"product_cat","embeddable":true,"href":"https:\/\/tecniagroxxi.com\/tienda\/wp-json\/wp\/v2\/product_cat?post=2237"},{"taxonomy":"product_tag","embeddable":true,"href":"https:\/\/tecniagroxxi.com\/tienda\/wp-json\/wp\/v2\/product_tag?post=2237"}],"curies":[{"name":"wp","href":"https:\/\/api.w.org\/{rel}","templated":true}]}}