{"id":2254,"date":"2025-09-02T09:30:08","date_gmt":"2025-09-02T07:30:08","guid":{"rendered":"https:\/\/tecniagroxxi.com\/tienda\/?post_type=product&#038;p=2254"},"modified":"2025-10-14T09:33:31","modified_gmt":"2025-10-14T07:33:31","slug":"azud-sprint","status":"publish","type":"product","link":"https:\/\/tecniagroxxi.com\/tienda\/producto\/azud-sprint\/","title":{"rendered":"AZUD SPRINT"},"content":{"rendered":"<p>AZUD SPRINT es la tuber\u00eda de pared delgada con gotero integrado que ofrece mayor seguridad en los cultivos estacionales.<\/p>\n<p>M\u00e1s duradera, m\u00e1s resistente a la obturaci\u00f3n, m\u00e1s precisa y uniforme en el riego. AZUD SPRINT es la decisi\u00f3n acertada.<\/p>\n<p>Empleada en riego de cultivos intensivos, tanto para riego superficial como subterr\u00e1neo, en riegos con amplias longitudes de ramal.<\/p>\n<p>Rango de trabajo: 0,5 \u2013 1 o 1,4 bares dependiendo del modelo.<\/p>\n<p>Disponible varios modelos con diferente espesor, caudal y distancia entre goteros.<\/p>\n","protected":false},"excerpt":{"rendered":"<p>AZUD SPRINT es la tuber\u00eda de pared delgada con gotero integrado que ofrece mayor seguridad en los cultivos estacionales.<\/p>\n","protected":false},"featured_media":2255,"comment_status":"open","ping_status":"closed","template":"","meta":{"_et_pb_use_builder":"","_et_pb_old_content":"","_et_gb_content_width":"","_joinchat":[]},"product_brand":[],"product_cat":[78,63],"product_tag":[],"class_list":{"0":"post-2254","1":"product","2":"type-product","3":"status-publish","4":"has-post-thumbnail","6":"product_cat-azud","7":"product_cat-tuberia-con-gotero-integrado","9":"first","10":"instock","11":"taxable","12":"shipping-taxable","13":"purchasable","14":"product-type-variable"},"_links":{"self":[{"href":"https:\/\/tecniagroxxi.com\/tienda\/wp-json\/wp\/v2\/product\/2254","targetHints":{"allow":["GET"]}}],"collection":[{"href":"https:\/\/tecniagroxxi.com\/tienda\/wp-json\/wp\/v2\/product"}],"about":[{"href":"https:\/\/tecniagroxxi.com\/tienda\/wp-json\/wp\/v2\/types\/product"}],"replies":[{"embeddable":true,"href":"https:\/\/tecniagroxxi.com\/tienda\/wp-json\/wp\/v2\/comments?post=2254"}],"wp:featuredmedia":[{"embeddable":true,"href":"https:\/\/tecniagroxxi.com\/tienda\/wp-json\/wp\/v2\/media\/2255"}],"wp:attachment":[{"href":"https:\/\/tecniagroxxi.com\/tienda\/wp-json\/wp\/v2\/media?parent=2254"}],"wp:term":[{"taxonomy":"product_brand","embeddable":true,"href":"https:\/\/tecniagroxxi.com\/tienda\/wp-json\/wp\/v2\/product_brand?post=2254"},{"taxonomy":"product_cat","embeddable":true,"href":"https:\/\/tecniagroxxi.com\/tienda\/wp-json\/wp\/v2\/product_cat?post=2254"},{"taxonomy":"product_tag","embeddable":true,"href":"https:\/\/tecniagroxxi.com\/tienda\/wp-json\/wp\/v2\/product_tag?post=2254"}],"curies":[{"name":"wp","href":"https:\/\/api.w.org\/{rel}","templated":true}]}}