{"id":2268,"date":"2025-09-02T10:45:48","date_gmt":"2025-09-02T08:45:48","guid":{"rendered":"https:\/\/tecniagroxxi.com\/tienda\/?post_type=product&#038;p=2268"},"modified":"2025-10-14T09:33:17","modified_gmt":"2025-10-14T07:33:17","slug":"azud-tub","status":"publish","type":"product","link":"https:\/\/tecniagroxxi.com\/tienda\/producto\/azud-tub\/","title":{"rendered":"AZUD TUB"},"content":{"rendered":"<p>AZUD TUB es una tuber\u00eda de microirrigaci\u00f3n PE 32, fabricado con materia prima de primera calidad y bajo los m\u00e1s estrictos controles de calidad.<\/p>\n<p>Los materiales que presentan hacen que la inserci\u00f3n de los goteros y accesorios sea sencilla.<\/p>\n<p>Empleada en riego de cultivos intensivos, para explotaciones con cultivos arb\u00f3reos y para riego en invernadero.<\/p>\n<p>Presiones m\u00e1ximas de 2,5 &#8211; 4 bares dependiendo del modelo.<\/p>\n<p>Disponible varios modelos con diferente di\u00e1metro, espesor y color.<\/p>\n<p>&nbsp;<\/p>\n","protected":false},"excerpt":{"rendered":"<p>AZUD TUB es una tuber\u00eda de microirrigaci\u00f3n PE 32, fabricado con materia prima de primera calidad y bajo los m\u00e1s estrictos controles de calidad.<\/p>\n","protected":false},"featured_media":2269,"comment_status":"open","ping_status":"closed","template":"","meta":{"_et_pb_use_builder":"","_et_pb_old_content":"","_et_gb_content_width":"","_joinchat":[]},"product_brand":[],"product_cat":[78,64],"product_tag":[],"class_list":{"0":"post-2268","1":"product","2":"type-product","3":"status-publish","4":"has-post-thumbnail","6":"product_cat-azud","7":"product_cat-tuberias-de-microirrigacion","9":"first","10":"instock","11":"taxable","12":"shipping-taxable","13":"purchasable","14":"product-type-variable"},"_links":{"self":[{"href":"https:\/\/tecniagroxxi.com\/tienda\/wp-json\/wp\/v2\/product\/2268","targetHints":{"allow":["GET"]}}],"collection":[{"href":"https:\/\/tecniagroxxi.com\/tienda\/wp-json\/wp\/v2\/product"}],"about":[{"href":"https:\/\/tecniagroxxi.com\/tienda\/wp-json\/wp\/v2\/types\/product"}],"replies":[{"embeddable":true,"href":"https:\/\/tecniagroxxi.com\/tienda\/wp-json\/wp\/v2\/comments?post=2268"}],"wp:featuredmedia":[{"embeddable":true,"href":"https:\/\/tecniagroxxi.com\/tienda\/wp-json\/wp\/v2\/media\/2269"}],"wp:attachment":[{"href":"https:\/\/tecniagroxxi.com\/tienda\/wp-json\/wp\/v2\/media?parent=2268"}],"wp:term":[{"taxonomy":"product_brand","embeddable":true,"href":"https:\/\/tecniagroxxi.com\/tienda\/wp-json\/wp\/v2\/product_brand?post=2268"},{"taxonomy":"product_cat","embeddable":true,"href":"https:\/\/tecniagroxxi.com\/tienda\/wp-json\/wp\/v2\/product_cat?post=2268"},{"taxonomy":"product_tag","embeddable":true,"href":"https:\/\/tecniagroxxi.com\/tienda\/wp-json\/wp\/v2\/product_tag?post=2268"}],"curies":[{"name":"wp","href":"https:\/\/api.w.org\/{rel}","templated":true}]}}