{"id":2335,"date":"2025-09-03T11:53:04","date_gmt":"2025-09-03T09:53:04","guid":{"rendered":"https:\/\/tecniagroxxi.com\/tienda\/?post_type=product&#038;p=2335"},"modified":"2025-10-14T09:46:42","modified_gmt":"2025-10-14T07:46:42","slug":"azud-helix-system","status":"publish","type":"product","link":"https:\/\/tecniagroxxi.com\/tienda\/producto\/azud-helix-system\/","title":{"rendered":"AZUD HELIX SYSTEM"},"content":{"rendered":"<p>AZUD HELIX SYSTEM con abrazadera de pl\u00e1stico es la gama de filtros manuales para uso exclusivo de filtraci\u00f3n de agua para riego, basada en el m\u00ednimo mantenimiento y m\u00e1xima seguridad de filtraci\u00f3n.<\/p>\n<p>Presenta el dispositivo AZUD HELIX retardador de la colmataci\u00f3n. Optimizaci\u00f3n de rendimiento y m\u00ednima frecuencia e intensidad de labores de mantenimiento.<\/p>\n<p>Soporta una presi\u00f3n m\u00e1xima de trabajo de 8 bares.<\/p>\n<p>Disponible en varias medidas.<\/p>\n","protected":false},"excerpt":{"rendered":"<p>AZUD HELIX SYSTEM con abrazadera de pl\u00e1stico es la gama de filtros manuales para uso exclusivo de filtraci\u00f3n de agua para riego, basada en el m\u00ednimo mantenimiento y m\u00e1xima seguridad de filtraci\u00f3n.<\/p>\n","protected":false},"featured_media":2336,"comment_status":"open","ping_status":"closed","template":"","meta":{"_et_pb_use_builder":"","_et_pb_old_content":"","_et_gb_content_width":"","_joinchat":[]},"product_brand":[],"product_cat":[78,66],"product_tag":[],"class_list":{"0":"post-2335","1":"product","2":"type-product","3":"status-publish","4":"has-post-thumbnail","6":"product_cat-azud","7":"product_cat-filtros-de-anilla","9":"first","10":"instock","11":"taxable","12":"shipping-taxable","13":"purchasable","14":"product-type-variable"},"_links":{"self":[{"href":"https:\/\/tecniagroxxi.com\/tienda\/wp-json\/wp\/v2\/product\/2335","targetHints":{"allow":["GET"]}}],"collection":[{"href":"https:\/\/tecniagroxxi.com\/tienda\/wp-json\/wp\/v2\/product"}],"about":[{"href":"https:\/\/tecniagroxxi.com\/tienda\/wp-json\/wp\/v2\/types\/product"}],"replies":[{"embeddable":true,"href":"https:\/\/tecniagroxxi.com\/tienda\/wp-json\/wp\/v2\/comments?post=2335"}],"wp:featuredmedia":[{"embeddable":true,"href":"https:\/\/tecniagroxxi.com\/tienda\/wp-json\/wp\/v2\/media\/2336"}],"wp:attachment":[{"href":"https:\/\/tecniagroxxi.com\/tienda\/wp-json\/wp\/v2\/media?parent=2335"}],"wp:term":[{"taxonomy":"product_brand","embeddable":true,"href":"https:\/\/tecniagroxxi.com\/tienda\/wp-json\/wp\/v2\/product_brand?post=2335"},{"taxonomy":"product_cat","embeddable":true,"href":"https:\/\/tecniagroxxi.com\/tienda\/wp-json\/wp\/v2\/product_cat?post=2335"},{"taxonomy":"product_tag","embeddable":true,"href":"https:\/\/tecniagroxxi.com\/tienda\/wp-json\/wp\/v2\/product_tag?post=2335"}],"curies":[{"name":"wp","href":"https:\/\/api.w.org\/{rel}","templated":true}]}}