{"id":2340,"date":"2025-09-03T12:19:57","date_gmt":"2025-09-03T10:19:57","guid":{"rendered":"https:\/\/tecniagroxxi.com\/tienda\/?post_type=product&#038;p=2340"},"modified":"2025-10-14T09:46:16","modified_gmt":"2025-10-14T07:46:16","slug":"azud-modular-300","status":"publish","type":"product","link":"https:\/\/tecniagroxxi.com\/tienda\/producto\/azud-modular-300\/","title":{"rendered":"AZUD MODULAR 300"},"content":{"rendered":"<p>AZUD MODULAR 300 es la gama de filtros manuales para uso exclusivo de filtraci\u00f3n de agua para riego, basada en el m\u00ednimo mantenimiento y m\u00e1xima seguridad de filtraci\u00f3n.<\/p>\n<p>Optimizaci\u00f3n de rendimiento y m\u00ednima frecuencia e intensidad de labores de mantenimiento.<\/p>\n<p>Soporta una presi\u00f3n m\u00e1xima de trabajo de 10 bares.<\/p>\n","protected":false},"excerpt":{"rendered":"<p>AZUD MODULAR 300 es la gama de filtros manuales para uso exclusivo de filtraci\u00f3n de agua para riego, basada en el m\u00ednimo mantenimiento y m\u00e1xima seguridad de filtraci\u00f3n.<\/p>\n","protected":false},"featured_media":2341,"comment_status":"open","ping_status":"closed","template":"","meta":{"_et_pb_use_builder":"","_et_pb_old_content":"","_et_gb_content_width":"","_joinchat":[]},"product_brand":[],"product_cat":[78,67],"product_tag":[],"class_list":{"0":"post-2340","1":"product","2":"type-product","3":"status-publish","4":"has-post-thumbnail","6":"product_cat-azud","7":"product_cat-filtros-de-malla","9":"first","10":"instock","11":"taxable","12":"shipping-taxable","13":"purchasable","14":"product-type-variable"},"_links":{"self":[{"href":"https:\/\/tecniagroxxi.com\/tienda\/wp-json\/wp\/v2\/product\/2340","targetHints":{"allow":["GET"]}}],"collection":[{"href":"https:\/\/tecniagroxxi.com\/tienda\/wp-json\/wp\/v2\/product"}],"about":[{"href":"https:\/\/tecniagroxxi.com\/tienda\/wp-json\/wp\/v2\/types\/product"}],"replies":[{"embeddable":true,"href":"https:\/\/tecniagroxxi.com\/tienda\/wp-json\/wp\/v2\/comments?post=2340"}],"wp:featuredmedia":[{"embeddable":true,"href":"https:\/\/tecniagroxxi.com\/tienda\/wp-json\/wp\/v2\/media\/2341"}],"wp:attachment":[{"href":"https:\/\/tecniagroxxi.com\/tienda\/wp-json\/wp\/v2\/media?parent=2340"}],"wp:term":[{"taxonomy":"product_brand","embeddable":true,"href":"https:\/\/tecniagroxxi.com\/tienda\/wp-json\/wp\/v2\/product_brand?post=2340"},{"taxonomy":"product_cat","embeddable":true,"href":"https:\/\/tecniagroxxi.com\/tienda\/wp-json\/wp\/v2\/product_cat?post=2340"},{"taxonomy":"product_tag","embeddable":true,"href":"https:\/\/tecniagroxxi.com\/tienda\/wp-json\/wp\/v2\/product_tag?post=2340"}],"curies":[{"name":"wp","href":"https:\/\/api.w.org\/{rel}","templated":true}]}}