{"id":2361,"date":"2025-09-05T11:42:45","date_gmt":"2025-09-05T09:42:45","guid":{"rendered":"https:\/\/tecniagroxxi.com\/tienda\/?post_type=product&#038;p=2361"},"modified":"2025-09-05T11:42:45","modified_gmt":"2025-09-05T09:42:45","slug":"programador-life-dc","status":"publish","type":"product","link":"https:\/\/tecniagroxxi.com\/tienda\/producto\/programador-life-dc\/","title":{"rendered":"Programador Life DC"},"content":{"rendered":"<p>El nuevo programador Life DC con bater\u00edas permite regar incluso donde no hay corriente el\u00e9ctrica pudi\u00e9ndola instalar directamente en el colector gracias al revestimiento resistente al agua IP68.<\/p>\n<p>La programaci\u00f3n es r\u00e1pida y simple gracias a la conexi\u00f3n Bluetooth que permite gestionar el programador desde el tel\u00e9fono m\u00f3vil o tablet mediante la Aplicaci\u00f3n Life DC de Irritrol.<\/p>\n<p>Disponible en varios modelos.<\/p>\n","protected":false},"excerpt":{"rendered":"<p>El nuevo programador Life DC con bater\u00edas permite regar incluso donde no hay corriente el\u00e9ctrica pudi\u00e9ndola instalar directamente en el colector gracias al revestimiento resistente al agua IP68.<\/p>\n","protected":false},"featured_media":2362,"comment_status":"open","ping_status":"closed","template":"","meta":{"_et_pb_use_builder":"","_et_pb_old_content":"","_et_gb_content_width":"","_joinchat":[]},"product_brand":[],"product_cat":[69],"product_tag":[],"class_list":{"0":"post-2361","1":"product","2":"type-product","3":"status-publish","4":"has-post-thumbnail","6":"product_cat-programadores","8":"first","9":"instock","10":"taxable","11":"shipping-taxable","12":"purchasable","13":"product-type-variable"},"_links":{"self":[{"href":"https:\/\/tecniagroxxi.com\/tienda\/wp-json\/wp\/v2\/product\/2361","targetHints":{"allow":["GET"]}}],"collection":[{"href":"https:\/\/tecniagroxxi.com\/tienda\/wp-json\/wp\/v2\/product"}],"about":[{"href":"https:\/\/tecniagroxxi.com\/tienda\/wp-json\/wp\/v2\/types\/product"}],"replies":[{"embeddable":true,"href":"https:\/\/tecniagroxxi.com\/tienda\/wp-json\/wp\/v2\/comments?post=2361"}],"wp:featuredmedia":[{"embeddable":true,"href":"https:\/\/tecniagroxxi.com\/tienda\/wp-json\/wp\/v2\/media\/2362"}],"wp:attachment":[{"href":"https:\/\/tecniagroxxi.com\/tienda\/wp-json\/wp\/v2\/media?parent=2361"}],"wp:term":[{"taxonomy":"product_brand","embeddable":true,"href":"https:\/\/tecniagroxxi.com\/tienda\/wp-json\/wp\/v2\/product_brand?post=2361"},{"taxonomy":"product_cat","embeddable":true,"href":"https:\/\/tecniagroxxi.com\/tienda\/wp-json\/wp\/v2\/product_cat?post=2361"},{"taxonomy":"product_tag","embeddable":true,"href":"https:\/\/tecniagroxxi.com\/tienda\/wp-json\/wp\/v2\/product_tag?post=2361"}],"curies":[{"name":"wp","href":"https:\/\/api.w.org\/{rel}","templated":true}]}}