{"id":2595,"date":"2025-09-08T13:34:18","date_gmt":"2025-09-08T11:34:18","guid":{"rendered":"https:\/\/tecniagroxxi.com\/tienda\/?post_type=product&#038;p=2595"},"modified":"2025-09-08T13:34:18","modified_gmt":"2025-09-08T11:34:18","slug":"electrovalvula-nc-reductora-latch-9v-de-metal","status":"publish","type":"product","link":"https:\/\/tecniagroxxi.com\/tienda\/producto\/electrovalvula-nc-reductora-latch-9v-de-metal\/","title":{"rendered":"Electrov\u00e1lvula NC reductora Latch (9V) de metal"},"content":{"rendered":"<p>La electrov\u00e1lvula NC reductora Latch 9V de metal RIS es la soluci\u00f3n ideal para instalaciones de riego que requieren autonom\u00eda y control preciso de la presi\u00f3n sin conexi\u00f3n el\u00e9ctrica permanente. Su tecnolog\u00eda Latch permite el funcionamiento con programadores a bater\u00eda de 9V, garantizando un consumo m\u00ednimo de energ\u00eda y una larga duraci\u00f3n de las pilas.<\/p>\n<p>El sistema Normalmente Cerrado (NC) asegura m\u00e1xima seguridad, manteniendo la v\u00e1lvula cerrada hasta recibir la se\u00f1al de apertura, evitando p\u00e9rdidas de agua o fugas indeseadas. Adem\u00e1s, su funci\u00f3n reductora de presi\u00f3n mantiene un caudal uniforme y estable, optimizando el rendimiento en riego por goteo, microaspersi\u00f3n y sectores sensibles donde es imprescindible un control exacto de la presi\u00f3n.<\/p>\n<p>Construida en fundici\u00f3n de alta resistencia, ofrece durabilidad frente a la corrosi\u00f3n, fertilizantes y productos qu\u00edmicos, siendo ligera y f\u00e1cil de instalar. Su dise\u00f1o robusto y de bajo mantenimiento la convierte en una opci\u00f3n fiable y eficiente para riego agr\u00edcola, jardiner\u00eda profesional e invernaderos.<\/p>\n<p>Disponible en varios modelos y medidas.<\/p>\n<p>Presi\u00f3n de trabajo: 0,8 \u2013 10 bares.<\/p>\n","protected":false},"excerpt":{"rendered":"<p>La electrov\u00e1lvula NC reductora Latch 9V de metal RIS es la soluci\u00f3n ideal para instalaciones de riego que requieren autonom\u00eda y control preciso de la presi\u00f3n sin conexi\u00f3n el\u00e9ctrica permanente.<\/p>\n","protected":false},"featured_media":2596,"comment_status":"open","ping_status":"closed","template":"","meta":{"_et_pb_use_builder":"","_et_pb_old_content":"","_et_gb_content_width":"","_joinchat":[]},"product_brand":[],"product_cat":[71],"product_tag":[],"class_list":{"0":"post-2595","1":"product","2":"type-product","3":"status-publish","4":"has-post-thumbnail","6":"product_cat-valvulas-de-metal","8":"first","9":"instock","10":"taxable","11":"shipping-taxable","12":"purchasable","13":"product-type-variable"},"_links":{"self":[{"href":"https:\/\/tecniagroxxi.com\/tienda\/wp-json\/wp\/v2\/product\/2595","targetHints":{"allow":["GET"]}}],"collection":[{"href":"https:\/\/tecniagroxxi.com\/tienda\/wp-json\/wp\/v2\/product"}],"about":[{"href":"https:\/\/tecniagroxxi.com\/tienda\/wp-json\/wp\/v2\/types\/product"}],"replies":[{"embeddable":true,"href":"https:\/\/tecniagroxxi.com\/tienda\/wp-json\/wp\/v2\/comments?post=2595"}],"wp:featuredmedia":[{"embeddable":true,"href":"https:\/\/tecniagroxxi.com\/tienda\/wp-json\/wp\/v2\/media\/2596"}],"wp:attachment":[{"href":"https:\/\/tecniagroxxi.com\/tienda\/wp-json\/wp\/v2\/media?parent=2595"}],"wp:term":[{"taxonomy":"product_brand","embeddable":true,"href":"https:\/\/tecniagroxxi.com\/tienda\/wp-json\/wp\/v2\/product_brand?post=2595"},{"taxonomy":"product_cat","embeddable":true,"href":"https:\/\/tecniagroxxi.com\/tienda\/wp-json\/wp\/v2\/product_cat?post=2595"},{"taxonomy":"product_tag","embeddable":true,"href":"https:\/\/tecniagroxxi.com\/tienda\/wp-json\/wp\/v2\/product_tag?post=2595"}],"curies":[{"name":"wp","href":"https:\/\/api.w.org\/{rel}","templated":true}]}}