{"id":2631,"date":"2025-09-08T18:07:46","date_gmt":"2025-09-08T16:07:46","guid":{"rendered":"https:\/\/tecniagroxxi.com\/tienda\/?post_type=product&#038;p=2631"},"modified":"2025-09-08T18:07:46","modified_gmt":"2025-09-08T16:07:46","slug":"valvula-sostenedora-de-metal","status":"publish","type":"product","link":"https:\/\/tecniagroxxi.com\/tienda\/producto\/valvula-sostenedora-de-metal\/","title":{"rendered":"V\u00e1lvula sostenedora de metal"},"content":{"rendered":"<p>La v\u00e1lvula reductora de metal RIS est\u00e1 dise\u00f1ada para garantizar una presi\u00f3n constante en los sistemas de riego agr\u00edcola, jardiner\u00eda y aplicaciones hidr\u00e1ulicas. Su funci\u00f3n principal es mantener la presi\u00f3n de trabajo adecuada, protegiendo la instalaci\u00f3n y optimizando el rendimiento del riego, especialmente en sistemas de goteo y microaspersi\u00f3n donde se requiere una presi\u00f3n constante.<\/p>\n<p>Fabricada en fundici\u00f3n de alta resistencia, ofrece una excelente durabilidad frente a la corrosi\u00f3n, fertilizantes y productos qu\u00edmicos, adem\u00e1s de soportar condiciones de uso intensivo en campo. Su dise\u00f1o compacto y ligero facilita la instalaci\u00f3n y el mantenimiento, asegurando un funcionamiento fiable con un m\u00ednimo de intervenci\u00f3n.<\/p>\n<p>Gracias a su precisi\u00f3n, resistencia y facilidad de uso, la v\u00e1lvula reductora de pl\u00e1stico RIS es una soluci\u00f3n eficiente para prolongar la vida \u00fatil de la instalaci\u00f3n y garantizar un riego uniforme, econ\u00f3mico y seguro.<\/p>\n<p>Disponible en varios modelos y medidas.<\/p>\n<p>Presi\u00f3n de trabajo: 0,8 \u2013 10 bares.<\/p>\n","protected":false},"excerpt":{"rendered":"<p>La v\u00e1lvula reductora de metal RIS est\u00e1 dise\u00f1ada para garantizar una presi\u00f3n constante en los sistemas de riego agr\u00edcola, jardiner\u00eda y aplicaciones hidr\u00e1ulicas.<\/p>\n","protected":false},"featured_media":2632,"comment_status":"open","ping_status":"closed","template":"","meta":{"_et_pb_use_builder":"","_et_pb_old_content":"","_et_gb_content_width":"","_joinchat":[]},"product_brand":[],"product_cat":[71],"product_tag":[],"class_list":{"0":"post-2631","1":"product","2":"type-product","3":"status-publish","4":"has-post-thumbnail","6":"product_cat-valvulas-de-metal","8":"first","9":"instock","10":"taxable","11":"shipping-taxable","12":"purchasable","13":"product-type-variable"},"_links":{"self":[{"href":"https:\/\/tecniagroxxi.com\/tienda\/wp-json\/wp\/v2\/product\/2631","targetHints":{"allow":["GET"]}}],"collection":[{"href":"https:\/\/tecniagroxxi.com\/tienda\/wp-json\/wp\/v2\/product"}],"about":[{"href":"https:\/\/tecniagroxxi.com\/tienda\/wp-json\/wp\/v2\/types\/product"}],"replies":[{"embeddable":true,"href":"https:\/\/tecniagroxxi.com\/tienda\/wp-json\/wp\/v2\/comments?post=2631"}],"wp:featuredmedia":[{"embeddable":true,"href":"https:\/\/tecniagroxxi.com\/tienda\/wp-json\/wp\/v2\/media\/2632"}],"wp:attachment":[{"href":"https:\/\/tecniagroxxi.com\/tienda\/wp-json\/wp\/v2\/media?parent=2631"}],"wp:term":[{"taxonomy":"product_brand","embeddable":true,"href":"https:\/\/tecniagroxxi.com\/tienda\/wp-json\/wp\/v2\/product_brand?post=2631"},{"taxonomy":"product_cat","embeddable":true,"href":"https:\/\/tecniagroxxi.com\/tienda\/wp-json\/wp\/v2\/product_cat?post=2631"},{"taxonomy":"product_tag","embeddable":true,"href":"https:\/\/tecniagroxxi.com\/tienda\/wp-json\/wp\/v2\/product_tag?post=2631"}],"curies":[{"name":"wp","href":"https:\/\/api.w.org\/{rel}","templated":true}]}}