{"id":275,"date":"2025-06-02T18:19:33","date_gmt":"2025-06-02T16:19:33","guid":{"rendered":"https:\/\/tecniagroxxi.com\/tienda\/?post_type=product&#038;p=275"},"modified":"2025-08-25T14:02:36","modified_gmt":"2025-08-25T12:02:36","slug":"codo-macho-hembra-pp","status":"publish","type":"product","link":"https:\/\/tecniagroxxi.com\/tienda\/producto\/codo-macho-hembra-pp\/","title":{"rendered":"Codo macho\/hembra PP"},"content":{"rendered":"<p>El codo macho\/hembra PP (polipropileno) es ideal para instalaciones de agua y sistemas de riego.<\/p>\n<p>Este codo se utiliza para unir tuber\u00edas o accesorios mediante sus roscas macho\/hembra, permitiendo una conexi\u00f3n sencilla y segura. Su dise\u00f1o permite una mejor distribuci\u00f3n de los sistemas de agua, garantizando su durabilidad.<\/p>\n<p>Disponible en varias medidas.<\/p>\n<p>Soporta una presi\u00f3n m\u00e1xima de 10 bares.<\/p>\n","protected":false},"excerpt":{"rendered":"<p>El codo macho\/hembra PP (polipropileno) es ideal para instalaciones de agua y sistemas de riego.<\/p>\n","protected":false},"featured_media":276,"comment_status":"open","ping_status":"closed","template":"","meta":{"_et_pb_use_builder":"","_et_pb_old_content":"","_et_gb_content_width":"","_joinchat":[]},"product_brand":[],"product_cat":[35],"product_tag":[],"class_list":{"0":"post-275","1":"product","2":"type-product","3":"status-publish","4":"has-post-thumbnail","6":"product_cat-accesorios-roscados","8":"first","9":"instock","10":"taxable","11":"shipping-taxable","12":"purchasable","13":"product-type-variable"},"_links":{"self":[{"href":"https:\/\/tecniagroxxi.com\/tienda\/wp-json\/wp\/v2\/product\/275","targetHints":{"allow":["GET"]}}],"collection":[{"href":"https:\/\/tecniagroxxi.com\/tienda\/wp-json\/wp\/v2\/product"}],"about":[{"href":"https:\/\/tecniagroxxi.com\/tienda\/wp-json\/wp\/v2\/types\/product"}],"replies":[{"embeddable":true,"href":"https:\/\/tecniagroxxi.com\/tienda\/wp-json\/wp\/v2\/comments?post=275"}],"wp:featuredmedia":[{"embeddable":true,"href":"https:\/\/tecniagroxxi.com\/tienda\/wp-json\/wp\/v2\/media\/276"}],"wp:attachment":[{"href":"https:\/\/tecniagroxxi.com\/tienda\/wp-json\/wp\/v2\/media?parent=275"}],"wp:term":[{"taxonomy":"product_brand","embeddable":true,"href":"https:\/\/tecniagroxxi.com\/tienda\/wp-json\/wp\/v2\/product_brand?post=275"},{"taxonomy":"product_cat","embeddable":true,"href":"https:\/\/tecniagroxxi.com\/tienda\/wp-json\/wp\/v2\/product_cat?post=275"},{"taxonomy":"product_tag","embeddable":true,"href":"https:\/\/tecniagroxxi.com\/tienda\/wp-json\/wp\/v2\/product_tag?post=275"}],"curies":[{"name":"wp","href":"https:\/\/api.w.org\/{rel}","templated":true}]}}