{"id":2835,"date":"2025-09-12T10:07:56","date_gmt":"2025-09-12T08:07:56","guid":{"rendered":"https:\/\/tecniagroxxi.com\/tienda\/?post_type=product&#038;p=2835"},"modified":"2025-09-12T11:59:53","modified_gmt":"2025-09-12T09:59:53","slug":"gotero-netafim-autocompensante-carpintero","status":"publish","type":"product","link":"https:\/\/tecniagroxxi.com\/tienda\/producto\/gotero-netafim-autocompensante-carpintero\/","title":{"rendered":"Gotero Netafim autocompensante carpintero"},"content":{"rendered":"<p>El Gotero pinchado y autocompensante est\u00e1 especialmente dise\u00f1ado para el riego por goteo con aguas de baja calidad o en zonas con una topograf\u00eda complicada.<\/p>\n<p>Este gotero de Netafim, se ha convertido en un gotero emblem\u00e1tico, por su robustez y larga duraci\u00f3n y fiabilidad, siendo reconocido como el gotero autocompensate pinchado por antonomasia dentro del mundo del riego.<\/p>\n<p>Disponible en varios caudales.<\/p>\n","protected":false},"excerpt":{"rendered":"<p>El Gotero pinchado y autocompensante est\u00e1 especialmente dise\u00f1ado para el riego por goteo con aguas de baja calidad o en zonas con una topograf\u00eda complicada.<\/p>\n","protected":false},"featured_media":2836,"comment_status":"open","ping_status":"closed","template":"","meta":{"_et_pb_use_builder":"","_et_pb_old_content":"","_et_gb_content_width":"","_joinchat":[]},"product_brand":[],"product_cat":[20],"product_tag":[],"class_list":{"0":"post-2835","1":"product","2":"type-product","3":"status-publish","4":"has-post-thumbnail","6":"product_cat-goteros","8":"first","9":"instock","10":"taxable","11":"shipping-taxable","12":"purchasable","13":"product-type-variable"},"_links":{"self":[{"href":"https:\/\/tecniagroxxi.com\/tienda\/wp-json\/wp\/v2\/product\/2835","targetHints":{"allow":["GET"]}}],"collection":[{"href":"https:\/\/tecniagroxxi.com\/tienda\/wp-json\/wp\/v2\/product"}],"about":[{"href":"https:\/\/tecniagroxxi.com\/tienda\/wp-json\/wp\/v2\/types\/product"}],"replies":[{"embeddable":true,"href":"https:\/\/tecniagroxxi.com\/tienda\/wp-json\/wp\/v2\/comments?post=2835"}],"wp:featuredmedia":[{"embeddable":true,"href":"https:\/\/tecniagroxxi.com\/tienda\/wp-json\/wp\/v2\/media\/2836"}],"wp:attachment":[{"href":"https:\/\/tecniagroxxi.com\/tienda\/wp-json\/wp\/v2\/media?parent=2835"}],"wp:term":[{"taxonomy":"product_brand","embeddable":true,"href":"https:\/\/tecniagroxxi.com\/tienda\/wp-json\/wp\/v2\/product_brand?post=2835"},{"taxonomy":"product_cat","embeddable":true,"href":"https:\/\/tecniagroxxi.com\/tienda\/wp-json\/wp\/v2\/product_cat?post=2835"},{"taxonomy":"product_tag","embeddable":true,"href":"https:\/\/tecniagroxxi.com\/tienda\/wp-json\/wp\/v2\/product_tag?post=2835"}],"curies":[{"name":"wp","href":"https:\/\/api.w.org\/{rel}","templated":true}]}}