{"id":2850,"date":"2025-09-15T12:21:40","date_gmt":"2025-09-15T10:21:40","guid":{"rendered":"https:\/\/tecniagroxxi.com\/tienda\/?post_type=product&#038;p=2850"},"modified":"2025-09-15T12:26:52","modified_gmt":"2025-09-15T10:26:52","slug":"dispensador-circular-multisalida","status":"publish","type":"product","link":"https:\/\/tecniagroxxi.com\/tienda\/producto\/dispensador-circular-multisalida\/","title":{"rendered":"Dispensador circular multisalida"},"content":{"rendered":"<p>Utilizado en sistemas de riego de invernaderos, el dispensador circular multisalida satisface las necesidades de cultivos en macetas. Elaborado a base de pl\u00e1stico resistente a la corrosi\u00f3n y en forma circular facilita la dispersi\u00f3n del agua de manera uniforme a trav\u00e9s del sustrato del contenedor y hasta las ra\u00edces de la planta.<\/p>\n<p>Estos son ideales para regar todo tipo de macetas, parterres y flores. Tambi\u00e9n permiten regar de forma uniforme, est\u00e9tica y discreta plantas perennes, ar\u00e1ndanos o viveros de gran tama\u00f1o. La l\u00ednea de goteo MINIDRIP, sensible a la presi\u00f3n, incluida con el iCircle, es adecuada para un riego uniforme, tanto superficial como subterr\u00e1neo, a una presi\u00f3n de aproximadamente 1 bar.<\/p>\n<p>La instalaci\u00f3n en maceta se ve facilitada por el sencillo y r\u00e1pido conexi\u00f3n al micro-tubo, el gotero circular divide equitativamente el caudal los puntos de goteo de 2 L\/H en total.<\/p>\n<p>Disponible en varias medidas.<\/p>\n","protected":false},"excerpt":{"rendered":"<p>Utilizado en sistemas de riego de invernaderos, la diadema de goteo satisface las necesidades de cultivos en macetas. Elaborado a base de pl\u00e1stico resistente a la corrosi\u00f3n y en forma circular facilita la dispersi\u00f3n del agua de manera uniforme a trav\u00e9s del sustrato del contenedor y hasta las ra\u00edces de la planta.<\/p>\n","protected":false},"featured_media":2851,"comment_status":"open","ping_status":"closed","template":"","meta":{"_et_pb_use_builder":"","_et_pb_old_content":"","_et_gb_content_width":"","_joinchat":[]},"product_brand":[],"product_cat":[20],"product_tag":[],"class_list":{"0":"post-2850","1":"product","2":"type-product","3":"status-publish","4":"has-post-thumbnail","6":"product_cat-goteros","8":"first","9":"instock","10":"taxable","11":"shipping-taxable","12":"purchasable","13":"product-type-variable"},"_links":{"self":[{"href":"https:\/\/tecniagroxxi.com\/tienda\/wp-json\/wp\/v2\/product\/2850","targetHints":{"allow":["GET"]}}],"collection":[{"href":"https:\/\/tecniagroxxi.com\/tienda\/wp-json\/wp\/v2\/product"}],"about":[{"href":"https:\/\/tecniagroxxi.com\/tienda\/wp-json\/wp\/v2\/types\/product"}],"replies":[{"embeddable":true,"href":"https:\/\/tecniagroxxi.com\/tienda\/wp-json\/wp\/v2\/comments?post=2850"}],"wp:featuredmedia":[{"embeddable":true,"href":"https:\/\/tecniagroxxi.com\/tienda\/wp-json\/wp\/v2\/media\/2851"}],"wp:attachment":[{"href":"https:\/\/tecniagroxxi.com\/tienda\/wp-json\/wp\/v2\/media?parent=2850"}],"wp:term":[{"taxonomy":"product_brand","embeddable":true,"href":"https:\/\/tecniagroxxi.com\/tienda\/wp-json\/wp\/v2\/product_brand?post=2850"},{"taxonomy":"product_cat","embeddable":true,"href":"https:\/\/tecniagroxxi.com\/tienda\/wp-json\/wp\/v2\/product_cat?post=2850"},{"taxonomy":"product_tag","embeddable":true,"href":"https:\/\/tecniagroxxi.com\/tienda\/wp-json\/wp\/v2\/product_tag?post=2850"}],"curies":[{"name":"wp","href":"https:\/\/api.w.org\/{rel}","templated":true}]}}