{"id":318,"date":"2025-06-05T17:34:13","date_gmt":"2025-06-05T15:34:13","guid":{"rendered":"https:\/\/tecniagroxxi.com\/tienda\/?post_type=product&#038;p=318"},"modified":"2025-08-25T14:22:58","modified_gmt":"2025-08-25T12:22:58","slug":"kit-de-conversion-de-victaulic-a-brida","status":"publish","type":"product","link":"https:\/\/tecniagroxxi.com\/tienda\/producto\/kit-de-conversion-de-victaulic-a-brida\/","title":{"rendered":"Kit de conversi\u00f3n de victaulic a brida"},"content":{"rendered":"<p>El kit de conversi\u00f3n de Victaulic a brida es ideal para instalaciones de agua y sistemas de riego.<\/p>\n<p>Este kit se utiliza <span data-huuid=\"2872159145752386155\">para conectar sistemas de tuber\u00edas Victaulic (que utilizan acoplamientos ranurados) a componentes est\u00e1ndar bridados, como v\u00e1lvulas, bombas o otros equipos<\/span><span data-huuid=\"2785881383507359358\">. Esto permite integrar sistemas Victaulic con otros componentes que no son compatibles con el sistema ranurado, <\/span>permitiendo una conexi\u00f3n sencilla y segura.<\/p>\n<p>Su dise\u00f1o permite una mejor distribuci\u00f3n de los sistemas de agua, garantizando su durabilidad.<\/p>\n<p>Disponible en varias medidas.<\/p>\n<p>Fabricado en nylon y caucho de nitrilo.<\/p>\n<p>Soporta una presi\u00f3n m\u00e1xima de 10 bares.<\/p>\n","protected":false},"excerpt":{"rendered":"<p>El kit de conversi\u00f3n de Victaulic a brida es ideal para instalaciones de agua y sistemas de riego.<\/p>\n","protected":false},"featured_media":319,"comment_status":"open","ping_status":"closed","template":"","meta":{"_et_pb_use_builder":"","_et_pb_old_content":"","_et_gb_content_width":"","_joinchat":[]},"product_brand":[],"product_cat":[35],"product_tag":[],"class_list":{"0":"post-318","1":"product","2":"type-product","3":"status-publish","4":"has-post-thumbnail","6":"product_cat-accesorios-roscados","8":"first","9":"instock","10":"taxable","11":"shipping-taxable","12":"purchasable","13":"product-type-variable"},"_links":{"self":[{"href":"https:\/\/tecniagroxxi.com\/tienda\/wp-json\/wp\/v2\/product\/318","targetHints":{"allow":["GET"]}}],"collection":[{"href":"https:\/\/tecniagroxxi.com\/tienda\/wp-json\/wp\/v2\/product"}],"about":[{"href":"https:\/\/tecniagroxxi.com\/tienda\/wp-json\/wp\/v2\/types\/product"}],"replies":[{"embeddable":true,"href":"https:\/\/tecniagroxxi.com\/tienda\/wp-json\/wp\/v2\/comments?post=318"}],"wp:featuredmedia":[{"embeddable":true,"href":"https:\/\/tecniagroxxi.com\/tienda\/wp-json\/wp\/v2\/media\/319"}],"wp:attachment":[{"href":"https:\/\/tecniagroxxi.com\/tienda\/wp-json\/wp\/v2\/media?parent=318"}],"wp:term":[{"taxonomy":"product_brand","embeddable":true,"href":"https:\/\/tecniagroxxi.com\/tienda\/wp-json\/wp\/v2\/product_brand?post=318"},{"taxonomy":"product_cat","embeddable":true,"href":"https:\/\/tecniagroxxi.com\/tienda\/wp-json\/wp\/v2\/product_cat?post=318"},{"taxonomy":"product_tag","embeddable":true,"href":"https:\/\/tecniagroxxi.com\/tienda\/wp-json\/wp\/v2\/product_tag?post=318"}],"curies":[{"name":"wp","href":"https:\/\/api.w.org\/{rel}","templated":true}]}}