{"id":3278,"date":"2025-10-31T08:36:30","date_gmt":"2025-10-31T07:36:30","guid":{"rendered":"https:\/\/tecniagroxxi.com\/tienda\/?post_type=product&#038;p=3278"},"modified":"2025-10-31T08:36:30","modified_gmt":"2025-10-31T07:36:30","slug":"bomba-inyectora-de-piston","status":"publish","type":"product","link":"https:\/\/tecniagroxxi.com\/tienda\/producto\/bomba-inyectora-de-piston\/","title":{"rendered":"Bomba inyectora de pist\u00f3n"},"content":{"rendered":"<p data-start=\"229\" data-end=\"538\">La bomba inyectora de pist\u00f3n 110 L\/h 17 bar INOX combina rendimiento profesional y m\u00e1xima fiabilidad en un solo equipo.<\/p>\n<p data-start=\"229\" data-end=\"538\">Fabricada en acero inoxidable de alta calidad, est\u00e1 dise\u00f1ada para ofrecer una dosificaci\u00f3n precisa y un funcionamiento seguro incluso en las condiciones m\u00e1s exigentes.<\/p>\n<p data-start=\"229\" data-end=\"538\">Perfecta para tratamientos de agua, industrias qu\u00edmicas, agroalimentarias y farmac\u00e9uticas, esta bomba garantiza un flujo constante y controlado, optimizando la eficiencia de tus procesos.<\/p>\n<p data-start=\"229\" data-end=\"538\">Soporta presiones de 17 bares.<\/p>\n<p data-start=\"229\" data-end=\"538\">Disponible modelos monof\u00e1sicos y trif\u00e1sicos.<\/p>\n","protected":false},"excerpt":{"rendered":"<p>La bomba inyectora de pist\u00f3n 110 L\/h 17 bar INOX combina rendimiento profesional y m\u00e1xima fiabilidad en un solo equipo.<\/p>\n","protected":false},"featured_media":3291,"comment_status":"open","ping_status":"closed","template":"","meta":{"_et_pb_use_builder":"","_et_pb_old_content":"","_et_gb_content_width":"","_joinchat":[]},"product_brand":[],"product_cat":[53],"product_tag":[],"class_list":{"0":"post-3278","1":"product","2":"type-product","3":"status-publish","4":"has-post-thumbnail","6":"product_cat-sistemas-de-inyeccion","8":"first","9":"instock","10":"taxable","11":"shipping-taxable","12":"purchasable","13":"product-type-variable"},"_links":{"self":[{"href":"https:\/\/tecniagroxxi.com\/tienda\/wp-json\/wp\/v2\/product\/3278","targetHints":{"allow":["GET"]}}],"collection":[{"href":"https:\/\/tecniagroxxi.com\/tienda\/wp-json\/wp\/v2\/product"}],"about":[{"href":"https:\/\/tecniagroxxi.com\/tienda\/wp-json\/wp\/v2\/types\/product"}],"replies":[{"embeddable":true,"href":"https:\/\/tecniagroxxi.com\/tienda\/wp-json\/wp\/v2\/comments?post=3278"}],"wp:featuredmedia":[{"embeddable":true,"href":"https:\/\/tecniagroxxi.com\/tienda\/wp-json\/wp\/v2\/media\/3291"}],"wp:attachment":[{"href":"https:\/\/tecniagroxxi.com\/tienda\/wp-json\/wp\/v2\/media?parent=3278"}],"wp:term":[{"taxonomy":"product_brand","embeddable":true,"href":"https:\/\/tecniagroxxi.com\/tienda\/wp-json\/wp\/v2\/product_brand?post=3278"},{"taxonomy":"product_cat","embeddable":true,"href":"https:\/\/tecniagroxxi.com\/tienda\/wp-json\/wp\/v2\/product_cat?post=3278"},{"taxonomy":"product_tag","embeddable":true,"href":"https:\/\/tecniagroxxi.com\/tienda\/wp-json\/wp\/v2\/product_tag?post=3278"}],"curies":[{"name":"wp","href":"https:\/\/api.w.org\/{rel}","templated":true}]}}