{"id":348,"date":"2025-06-05T18:07:09","date_gmt":"2025-06-05T16:07:09","guid":{"rendered":"https:\/\/tecniagroxxi.com\/tienda\/?post_type=product&#038;p=348"},"modified":"2025-08-25T14:31:48","modified_gmt":"2025-08-25T12:31:48","slug":"arquetas","status":"publish","type":"product","link":"https:\/\/tecniagroxxi.com\/tienda\/producto\/arquetas\/","title":{"rendered":"Arquetas"},"content":{"rendered":"<p>Las arquetas se emplean en una amplia variedad de sectores desde peque\u00f1os sistemas residenciales hasta grandes sistemas, est\u00e1n construidos con materiales resistentes a la intemperie y a los impactos, lo que permite el alojamiento subterr\u00e1neo de v\u00e1lvulas de compuerta, electrov\u00e1lvulas, v\u00e1lvulas hidr\u00e1ulicas y cualquier otro instrumento subterr\u00e1neo que requiera inspecci\u00f3n.<\/p>\n<p>La tapa con borde de solapamiento impide la penetraci\u00f3n de residuos en el pozo.<\/p>\n<p>Fabricado en polipropileno.<\/p>\n","protected":false},"excerpt":{"rendered":"<p>Las arquetas se emplean en una amplia variedad de sectores.<\/p>\n","protected":false},"featured_media":330,"comment_status":"open","ping_status":"closed","template":"","meta":{"_et_pb_use_builder":"","_et_pb_old_content":"","_et_gb_content_width":"","_joinchat":[]},"product_brand":[],"product_cat":[39],"product_tag":[],"class_list":{"0":"post-348","1":"product","2":"type-product","3":"status-publish","4":"has-post-thumbnail","6":"product_cat-arquetas","8":"first","9":"instock","10":"taxable","11":"shipping-taxable","12":"purchasable","13":"product-type-variable"},"_links":{"self":[{"href":"https:\/\/tecniagroxxi.com\/tienda\/wp-json\/wp\/v2\/product\/348","targetHints":{"allow":["GET"]}}],"collection":[{"href":"https:\/\/tecniagroxxi.com\/tienda\/wp-json\/wp\/v2\/product"}],"about":[{"href":"https:\/\/tecniagroxxi.com\/tienda\/wp-json\/wp\/v2\/types\/product"}],"replies":[{"embeddable":true,"href":"https:\/\/tecniagroxxi.com\/tienda\/wp-json\/wp\/v2\/comments?post=348"}],"wp:featuredmedia":[{"embeddable":true,"href":"https:\/\/tecniagroxxi.com\/tienda\/wp-json\/wp\/v2\/media\/330"}],"wp:attachment":[{"href":"https:\/\/tecniagroxxi.com\/tienda\/wp-json\/wp\/v2\/media?parent=348"}],"wp:term":[{"taxonomy":"product_brand","embeddable":true,"href":"https:\/\/tecniagroxxi.com\/tienda\/wp-json\/wp\/v2\/product_brand?post=348"},{"taxonomy":"product_cat","embeddable":true,"href":"https:\/\/tecniagroxxi.com\/tienda\/wp-json\/wp\/v2\/product_cat?post=348"},{"taxonomy":"product_tag","embeddable":true,"href":"https:\/\/tecniagroxxi.com\/tienda\/wp-json\/wp\/v2\/product_tag?post=348"}],"curies":[{"name":"wp","href":"https:\/\/api.w.org\/{rel}","templated":true}]}}