{"id":37,"date":"2025-05-08T17:34:54","date_gmt":"2025-05-08T15:34:54","guid":{"rendered":"https:\/\/tecniagroxxi.com\/tienda\/?post_type=product&#038;p=37"},"modified":"2025-10-27T18:17:15","modified_gmt":"2025-10-27T17:17:15","slug":"ccg-multifuncion","status":"publish","type":"product","link":"https:\/\/tecniagroxxi.com\/tienda\/producto\/ccg-multifuncion\/","title":{"rendered":"Gotero CCG multifunci\u00f3n"},"content":{"rendered":"<div id=\"itemDescriptiveAttributeWidget_3074457345616779395\" class=\"itemDescriptiveAttributeWidget\">\n<p>Gotero iDrop\u00ae Light autocompensante salida multifunci\u00f3n (CCG multifunci\u00f3n).<\/p>\n<p>iDrop\u00ae LIGHT \/ PC, compensador de presi\u00f3n con flujo turbulento, encierra toda la tecnolog\u00eda iDrop\u00ae en un espacio muy reducido.<\/p>\n<h4 id=\"itemDescriptiveAttributeWidget_att_Car_title\">Caracter\u00edsticas:<\/h4>\n<p>Se caracteriza por un filtro de doble entrada y una membrana de silicona resistente.\u00a0 iDrop\u00ae LIGHT es la soluci\u00f3n econ\u00f3mica y vers\u00e1til para las necesidades de los agricultores.<\/p>\n<\/div>\n<div id=\"itemDescriptiveAttributeWidget_3074457345616779395\" class=\"itemDescriptiveAttributeWidget\">\n<h4 id=\"itemDescriptiveAttributeWidget_att_Vantaggi_title\">Ventajas:<\/h4>\n<ul>\n<li>Ahorro de agua.<\/li>\n<li>Eficiencia del riego.<\/li>\n<li>Autocompensaci\u00f3n.<\/li>\n<\/ul>\n<\/div>\n","protected":false},"excerpt":{"rendered":"<p>Gotero iDrop\u00ae Light autocompensante salida multifunci\u00f3n (CCG multifunci\u00f3n).<\/p>\n<p>iDrop\u00ae LIGHT \/ PC, compensador de presi\u00f3n con flujo turbulento, encierra toda la tecnolog\u00eda iDrop\u00ae en un espacio muy reducido.<\/p>\n","protected":false},"featured_media":44,"comment_status":"open","ping_status":"closed","template":"","meta":{"_et_pb_use_builder":"","_et_pb_old_content":"","_et_gb_content_width":"","_joinchat":[]},"product_brand":[],"product_cat":[20],"product_tag":[26,22,30],"class_list":{"0":"post-37","1":"product","2":"type-product","3":"status-publish","4":"has-post-thumbnail","6":"product_cat-goteros","7":"product_tag-autocompensante","8":"product_tag-gotero","9":"product_tag-multifuncion","11":"first","12":"instock","13":"taxable","14":"shipping-taxable","15":"purchasable","16":"product-type-variable"},"_links":{"self":[{"href":"https:\/\/tecniagroxxi.com\/tienda\/wp-json\/wp\/v2\/product\/37","targetHints":{"allow":["GET"]}}],"collection":[{"href":"https:\/\/tecniagroxxi.com\/tienda\/wp-json\/wp\/v2\/product"}],"about":[{"href":"https:\/\/tecniagroxxi.com\/tienda\/wp-json\/wp\/v2\/types\/product"}],"replies":[{"embeddable":true,"href":"https:\/\/tecniagroxxi.com\/tienda\/wp-json\/wp\/v2\/comments?post=37"}],"wp:featuredmedia":[{"embeddable":true,"href":"https:\/\/tecniagroxxi.com\/tienda\/wp-json\/wp\/v2\/media\/44"}],"wp:attachment":[{"href":"https:\/\/tecniagroxxi.com\/tienda\/wp-json\/wp\/v2\/media?parent=37"}],"wp:term":[{"taxonomy":"product_brand","embeddable":true,"href":"https:\/\/tecniagroxxi.com\/tienda\/wp-json\/wp\/v2\/product_brand?post=37"},{"taxonomy":"product_cat","embeddable":true,"href":"https:\/\/tecniagroxxi.com\/tienda\/wp-json\/wp\/v2\/product_cat?post=37"},{"taxonomy":"product_tag","embeddable":true,"href":"https:\/\/tecniagroxxi.com\/tienda\/wp-json\/wp\/v2\/product_tag?post=37"}],"curies":[{"name":"wp","href":"https:\/\/api.w.org\/{rel}","templated":true}]}}