{"id":500,"date":"2025-06-14T12:30:54","date_gmt":"2025-06-14T10:30:54","guid":{"rendered":"https:\/\/tecniagroxxi.com\/tienda\/?post_type=product&#038;p=500"},"modified":"2025-08-26T08:52:06","modified_gmt":"2025-08-26T06:52:06","slug":"manguito-de-reparacion","status":"publish","type":"product","link":"https:\/\/tecniagroxxi.com\/tienda\/producto\/manguito-de-reparacion\/","title":{"rendered":"Manguito de reparaci\u00f3n"},"content":{"rendered":"<p>Los manguitos de reparaci\u00f3n de PP (polipropileno), es un accesorio utilizado para conectar o reparar tuber\u00edas con el mismo tama\u00f1o entre s\u00ed.<\/p>\n<p>Estos manguitos son comunes en sistemas de riego, instalaciones hidr\u00e1ulicas y otras aplicaciones donde se requiere una conexi\u00f3n segura y resistente a la corrosi\u00f3n.<span class=\"pjBG2e\" data-cid=\"62551ae8-fa46-4b2d-84ef-9dff6355f9b8\"><span class=\"UV3uM\">\u00a0Su dise\u00f1o permite una mejor distribuci\u00f3n de los sistemas de agua, garantizando su durabilidad.<\/span><\/span><\/p>\n<p>Disponible en varias medidas.<\/p>\n<p>Soporta una presi\u00f3n m\u00e1xima de: 10-15 \u00baC = 16 bares, 26-35 \u00baC = 12,5 bares, 36-45\u00baC = 10 bares.<\/p>\n","protected":false},"excerpt":{"rendered":"<p>Los manguitos de reparaci\u00f3n de PP (polipropileno), es un accesorio utilizado para conectar o reparar tuber\u00edas con el mismo tama\u00f1o entre s\u00ed.<\/p>\n","protected":false},"featured_media":501,"comment_status":"open","ping_status":"closed","template":"","meta":{"_et_pb_use_builder":"","_et_pb_old_content":"","_et_gb_content_width":"","_joinchat":[]},"product_brand":[],"product_cat":[42],"product_tag":[],"class_list":{"0":"post-500","1":"product","2":"type-product","3":"status-publish","4":"has-post-thumbnail","6":"product_cat-accesorios-polietileno","8":"first","9":"instock","10":"taxable","11":"shipping-taxable","12":"purchasable","13":"product-type-variable"},"_links":{"self":[{"href":"https:\/\/tecniagroxxi.com\/tienda\/wp-json\/wp\/v2\/product\/500","targetHints":{"allow":["GET"]}}],"collection":[{"href":"https:\/\/tecniagroxxi.com\/tienda\/wp-json\/wp\/v2\/product"}],"about":[{"href":"https:\/\/tecniagroxxi.com\/tienda\/wp-json\/wp\/v2\/types\/product"}],"replies":[{"embeddable":true,"href":"https:\/\/tecniagroxxi.com\/tienda\/wp-json\/wp\/v2\/comments?post=500"}],"wp:featuredmedia":[{"embeddable":true,"href":"https:\/\/tecniagroxxi.com\/tienda\/wp-json\/wp\/v2\/media\/501"}],"wp:attachment":[{"href":"https:\/\/tecniagroxxi.com\/tienda\/wp-json\/wp\/v2\/media?parent=500"}],"wp:term":[{"taxonomy":"product_brand","embeddable":true,"href":"https:\/\/tecniagroxxi.com\/tienda\/wp-json\/wp\/v2\/product_brand?post=500"},{"taxonomy":"product_cat","embeddable":true,"href":"https:\/\/tecniagroxxi.com\/tienda\/wp-json\/wp\/v2\/product_cat?post=500"},{"taxonomy":"product_tag","embeddable":true,"href":"https:\/\/tecniagroxxi.com\/tienda\/wp-json\/wp\/v2\/product_tag?post=500"}],"curies":[{"name":"wp","href":"https:\/\/api.w.org\/{rel}","templated":true}]}}