{"id":56,"date":"2025-05-09T16:30:02","date_gmt":"2025-05-09T14:30:02","guid":{"rendered":"https:\/\/tecniagroxxi.com\/tienda\/?post_type=product&#038;p=56"},"modified":"2025-08-25T08:26:18","modified_gmt":"2025-08-25T06:26:18","slug":"anillo-final-de-linea","status":"publish","type":"product","link":"https:\/\/tecniagroxxi.com\/tienda\/producto\/anillo-final-de-linea\/","title":{"rendered":"Anillo final de l\u00ednea"},"content":{"rendered":"<p>Estrangulador final de l\u00ednea. Ideal como terminal para las tuber\u00edas de goteo.<\/p>\n<p>Gracias al nuevo anillo final de l\u00ednea, el mantenimiento de la tuber\u00eda ser\u00e1 f\u00e1cil y funcional.<br \/>\nSe coloca al final de la l\u00ednea de tuber\u00eda de goteo y te permite la limpieza de la misma sin tener<br \/>\nque quitarlo completamente. Es suficiente con darle la vuelta, desengancharlo y con un simple<br \/>\nmovimiento ser\u00e1 posible realizar todas las operaciones deseadas en la tuber\u00eda ya instalada.<\/p>\n","protected":false},"excerpt":{"rendered":"<p>Estrangulador final de l\u00ednea. Ideal como terminal para las tuber\u00edas de goteo.<\/p>\n","protected":false},"featured_media":59,"comment_status":"open","ping_status":"closed","template":"","meta":{"_et_pb_use_builder":"","_et_pb_old_content":"","_et_gb_content_width":"","_joinchat":[]},"product_brand":[],"product_cat":[25],"product_tag":[33,32,31],"class_list":{"0":"post-56","1":"product","2":"type-product","3":"status-publish","4":"has-post-thumbnail","6":"product_cat-accesorios-para-tuberia-diametro-16-y-20","7":"product_tag-accesorios","8":"product_tag-anillo","9":"product_tag-estrangulador","11":"first","12":"instock","13":"taxable","14":"shipping-taxable","15":"purchasable","16":"product-type-variable"},"_links":{"self":[{"href":"https:\/\/tecniagroxxi.com\/tienda\/wp-json\/wp\/v2\/product\/56","targetHints":{"allow":["GET"]}}],"collection":[{"href":"https:\/\/tecniagroxxi.com\/tienda\/wp-json\/wp\/v2\/product"}],"about":[{"href":"https:\/\/tecniagroxxi.com\/tienda\/wp-json\/wp\/v2\/types\/product"}],"replies":[{"embeddable":true,"href":"https:\/\/tecniagroxxi.com\/tienda\/wp-json\/wp\/v2\/comments?post=56"}],"wp:featuredmedia":[{"embeddable":true,"href":"https:\/\/tecniagroxxi.com\/tienda\/wp-json\/wp\/v2\/media\/59"}],"wp:attachment":[{"href":"https:\/\/tecniagroxxi.com\/tienda\/wp-json\/wp\/v2\/media?parent=56"}],"wp:term":[{"taxonomy":"product_brand","embeddable":true,"href":"https:\/\/tecniagroxxi.com\/tienda\/wp-json\/wp\/v2\/product_brand?post=56"},{"taxonomy":"product_cat","embeddable":true,"href":"https:\/\/tecniagroxxi.com\/tienda\/wp-json\/wp\/v2\/product_cat?post=56"},{"taxonomy":"product_tag","embeddable":true,"href":"https:\/\/tecniagroxxi.com\/tienda\/wp-json\/wp\/v2\/product_tag?post=56"}],"curies":[{"name":"wp","href":"https:\/\/api.w.org\/{rel}","templated":true}]}}