{"id":616,"date":"2025-07-03T07:17:31","date_gmt":"2025-07-03T05:17:31","guid":{"rendered":"https:\/\/tecniagroxxi.com\/tienda\/?post_type=product&#038;p=616"},"modified":"2025-08-26T08:41:41","modified_gmt":"2025-08-26T06:41:41","slug":"codo-de-pared-rosca-hembra","status":"publish","type":"product","link":"https:\/\/tecniagroxxi.com\/tienda\/producto\/codo-de-pared-rosca-hembra\/","title":{"rendered":"Codo de pared rosca hembra"},"content":{"rendered":"<p>El codo de pared rosca hembra de PP (polipropileno) es ideal para instalaciones de agua y sistemas de riego.<\/p>\n<p>Este codo se utiliza para unir varias tuber\u00edas y accesorios roscados, permitiendo una conexi\u00f3n sencilla y segura gracias a su rosca hembra. Su dise\u00f1o permite un anclaje a la pared para una mejor distribuci\u00f3n de los sistemas de agua, garantizando su durabilidad.<\/p>\n<p>Disponible en varias medidas.<\/p>\n<p>Soporta una presi\u00f3n m\u00e1xima de 10 bares.<\/p>\n","protected":false},"excerpt":{"rendered":"<p>El codo de pared rosca hembra de PP (polipropileno) es ideal para instalaciones de agua y sistemas de riego.<\/p>\n","protected":false},"featured_media":617,"comment_status":"open","ping_status":"closed","template":"","meta":{"_et_pb_use_builder":"","_et_pb_old_content":"","_et_gb_content_width":"","_joinchat":[]},"product_brand":[],"product_cat":[42],"product_tag":[],"class_list":{"0":"post-616","1":"product","2":"type-product","3":"status-publish","4":"has-post-thumbnail","6":"product_cat-accesorios-polietileno","8":"first","9":"instock","10":"taxable","11":"shipping-taxable","12":"purchasable","13":"product-type-variable"},"_links":{"self":[{"href":"https:\/\/tecniagroxxi.com\/tienda\/wp-json\/wp\/v2\/product\/616","targetHints":{"allow":["GET"]}}],"collection":[{"href":"https:\/\/tecniagroxxi.com\/tienda\/wp-json\/wp\/v2\/product"}],"about":[{"href":"https:\/\/tecniagroxxi.com\/tienda\/wp-json\/wp\/v2\/types\/product"}],"replies":[{"embeddable":true,"href":"https:\/\/tecniagroxxi.com\/tienda\/wp-json\/wp\/v2\/comments?post=616"}],"wp:featuredmedia":[{"embeddable":true,"href":"https:\/\/tecniagroxxi.com\/tienda\/wp-json\/wp\/v2\/media\/617"}],"wp:attachment":[{"href":"https:\/\/tecniagroxxi.com\/tienda\/wp-json\/wp\/v2\/media?parent=616"}],"wp:term":[{"taxonomy":"product_brand","embeddable":true,"href":"https:\/\/tecniagroxxi.com\/tienda\/wp-json\/wp\/v2\/product_brand?post=616"},{"taxonomy":"product_cat","embeddable":true,"href":"https:\/\/tecniagroxxi.com\/tienda\/wp-json\/wp\/v2\/product_cat?post=616"},{"taxonomy":"product_tag","embeddable":true,"href":"https:\/\/tecniagroxxi.com\/tienda\/wp-json\/wp\/v2\/product_tag?post=616"}],"curies":[{"name":"wp","href":"https:\/\/api.w.org\/{rel}","templated":true}]}}