{"id":657,"date":"2025-07-03T09:25:51","date_gmt":"2025-07-03T07:25:51","guid":{"rendered":"https:\/\/tecniagroxxi.com\/tienda\/?post_type=product&#038;p=657"},"modified":"2025-08-26T08:59:04","modified_gmt":"2025-08-26T06:59:04","slug":"espaciador-fitting","status":"publish","type":"product","link":"https:\/\/tecniagroxxi.com\/tienda\/producto\/espaciador-fitting\/","title":{"rendered":"Espaciador fitting"},"content":{"rendered":"<p>El espaciador para fitting es una pieza interna clave en el sistema de conexi\u00f3n r\u00e1pida, dise\u00f1ada para mantener la correcta alineaci\u00f3n de la tuber\u00eda dentro del fitting y garantizar un sellado eficaz y duradero.<\/p>\n<p>Compatible con los dem\u00e1s accesorios connecto.<\/p>\n<p>Disponible en varias medidas.<\/p>\n<p>Soporta una presi\u00f3n m\u00e1xima de 10 bares.<\/p>\n","protected":false},"excerpt":{"rendered":"<p>El espaciador para fitting es una pieza interna clave en el sistema de conexi\u00f3n r\u00e1pida, dise\u00f1ada para mantener la correcta alineaci\u00f3n de la tuber\u00eda dentro del fitting y garantizar un sellado eficaz y duradero.<\/p>\n","protected":false},"featured_media":658,"comment_status":"open","ping_status":"closed","template":"","meta":{"_et_pb_use_builder":"","_et_pb_old_content":"","_et_gb_content_width":"","_joinchat":[]},"product_brand":[],"product_cat":[42],"product_tag":[],"class_list":{"0":"post-657","1":"product","2":"type-product","3":"status-publish","4":"has-post-thumbnail","6":"product_cat-accesorios-polietileno","8":"first","9":"instock","10":"taxable","11":"shipping-taxable","12":"purchasable","13":"product-type-variable"},"_links":{"self":[{"href":"https:\/\/tecniagroxxi.com\/tienda\/wp-json\/wp\/v2\/product\/657","targetHints":{"allow":["GET"]}}],"collection":[{"href":"https:\/\/tecniagroxxi.com\/tienda\/wp-json\/wp\/v2\/product"}],"about":[{"href":"https:\/\/tecniagroxxi.com\/tienda\/wp-json\/wp\/v2\/types\/product"}],"replies":[{"embeddable":true,"href":"https:\/\/tecniagroxxi.com\/tienda\/wp-json\/wp\/v2\/comments?post=657"}],"wp:featuredmedia":[{"embeddable":true,"href":"https:\/\/tecniagroxxi.com\/tienda\/wp-json\/wp\/v2\/media\/658"}],"wp:attachment":[{"href":"https:\/\/tecniagroxxi.com\/tienda\/wp-json\/wp\/v2\/media?parent=657"}],"wp:term":[{"taxonomy":"product_brand","embeddable":true,"href":"https:\/\/tecniagroxxi.com\/tienda\/wp-json\/wp\/v2\/product_brand?post=657"},{"taxonomy":"product_cat","embeddable":true,"href":"https:\/\/tecniagroxxi.com\/tienda\/wp-json\/wp\/v2\/product_cat?post=657"},{"taxonomy":"product_tag","embeddable":true,"href":"https:\/\/tecniagroxxi.com\/tienda\/wp-json\/wp\/v2\/product_tag?post=657"}],"curies":[{"name":"wp","href":"https:\/\/api.w.org\/{rel}","templated":true}]}}