{"id":749,"date":"2025-07-03T12:39:13","date_gmt":"2025-07-03T10:39:13","guid":{"rendered":"https:\/\/tecniagroxxi.com\/tienda\/?post_type=product&#038;p=749"},"modified":"2025-08-26T09:49:33","modified_gmt":"2025-08-26T07:49:33","slug":"mini-collarin","status":"publish","type":"product","link":"https:\/\/tecniagroxxi.com\/tienda\/producto\/mini-collarin\/","title":{"rendered":"Mini collar\u00edn"},"content":{"rendered":"<p>El mini collar\u00edn es una soluci\u00f3n pr\u00e1ctica y eficiente para derivaciones en sistemas de tuber\u00edas de polietileno (PE), especialmente dise\u00f1ado para facilitar la instalaci\u00f3n de ramales en l\u00edneas de riego sin necesidad de cortes complejos ni accesorios adicionales.<\/p>\n<p>Este collar\u00edn, permite una conexi\u00f3n sencilla y segura. Su dise\u00f1o permite una mejor distribuci\u00f3n de los sistemas de agua, garantizando su durabilidad.<\/p>\n<p>Disponible en varias medidas.<\/p>\n<p>Soporta una presi\u00f3n m\u00e1xima de 6 bares.<\/p>\n","protected":false},"excerpt":{"rendered":"<p>El mini collar\u00edn es una soluci\u00f3n pr\u00e1ctica y eficiente para derivaciones en sistemas de tuber\u00edas de polietileno (PE)<\/p>\n","protected":false},"featured_media":750,"comment_status":"open","ping_status":"closed","template":"","meta":{"_et_pb_use_builder":"","_et_pb_old_content":"","_et_gb_content_width":"","_joinchat":[]},"product_brand":[],"product_cat":[43],"product_tag":[],"class_list":{"0":"post-749","1":"product","2":"type-product","3":"status-publish","4":"has-post-thumbnail","6":"product_cat-collarines","8":"first","9":"instock","10":"taxable","11":"shipping-taxable","12":"purchasable","13":"product-type-variable"},"_links":{"self":[{"href":"https:\/\/tecniagroxxi.com\/tienda\/wp-json\/wp\/v2\/product\/749","targetHints":{"allow":["GET"]}}],"collection":[{"href":"https:\/\/tecniagroxxi.com\/tienda\/wp-json\/wp\/v2\/product"}],"about":[{"href":"https:\/\/tecniagroxxi.com\/tienda\/wp-json\/wp\/v2\/types\/product"}],"replies":[{"embeddable":true,"href":"https:\/\/tecniagroxxi.com\/tienda\/wp-json\/wp\/v2\/comments?post=749"}],"wp:featuredmedia":[{"embeddable":true,"href":"https:\/\/tecniagroxxi.com\/tienda\/wp-json\/wp\/v2\/media\/750"}],"wp:attachment":[{"href":"https:\/\/tecniagroxxi.com\/tienda\/wp-json\/wp\/v2\/media?parent=749"}],"wp:term":[{"taxonomy":"product_brand","embeddable":true,"href":"https:\/\/tecniagroxxi.com\/tienda\/wp-json\/wp\/v2\/product_brand?post=749"},{"taxonomy":"product_cat","embeddable":true,"href":"https:\/\/tecniagroxxi.com\/tienda\/wp-json\/wp\/v2\/product_cat?post=749"},{"taxonomy":"product_tag","embeddable":true,"href":"https:\/\/tecniagroxxi.com\/tienda\/wp-json\/wp\/v2\/product_tag?post=749"}],"curies":[{"name":"wp","href":"https:\/\/api.w.org\/{rel}","templated":true}]}}