{"id":78,"date":"2025-05-09T17:20:26","date_gmt":"2025-05-09T15:20:26","guid":{"rendered":"https:\/\/tecniagroxxi.com\/tienda\/?post_type=product&#038;p=78"},"modified":"2025-10-27T18:19:54","modified_gmt":"2025-10-27T17:19:54","slug":"gotero-dcs","status":"publish","type":"product","link":"https:\/\/tecniagroxxi.com\/tienda\/producto\/gotero-dcs\/","title":{"rendered":"Gotero DCS"},"content":{"rendered":"<p>Gotero autocompensante antidrenante iDrop\u00ae\u00a0 (DCS). Preensamblado junto con el sistema K-Drop, es la oferta m\u00e1s avanzada para sistemas sin suelo.<\/p>\n<div id=\"itemDescriptiveAttributeWidget_3074457345616779418\" class=\"itemDescriptiveAttributeWidget\">\n<h4 id=\"itemDescriptiveAttributeWidget_att_Car_title\">Caracter\u00edsticas:<\/h4>\n<p id=\"itemDescriptiveAttributeWidget_att_Car\">Es especialmente adecuado para terrenos en pendiente y cultivos con ciclos frecuentes de fertirrigaci\u00f3n. El sistema de riego ideal se puede instalar con l\u00edneas largas y en terrenos con mucha pendiente. Disponible con dos tipos de salida: Est\u00e1ndar y Multifuncional.<\/p>\n<\/div>\n<div id=\"itemDescriptiveAttributeWidget_3074457345616779418\" class=\"itemDescriptiveAttributeWidget\">\n<h4 id=\"itemDescriptiveAttributeWidget_att_Vantaggi_title\">Ventajas:<\/h4>\n<ul>\n<li>Ahorro de agua<\/li>\n<li>Eficiencia del riego<\/li>\n<li>Autocompensaci\u00f3n<\/li>\n<\/ul>\n<\/div>\n","protected":false},"excerpt":{"rendered":"<p>Gotero autocompensante antidrenante iDrop\u00ae\u00a0 (DCS). Preensamblado junto con el sistema K-Drop, es la oferta m\u00e1s avanzada para sistemas sin suelo.<\/p>\n","protected":false},"featured_media":71,"comment_status":"open","ping_status":"closed","template":"","meta":{"_et_pb_use_builder":"","_et_pb_old_content":"","_et_gb_content_width":"","_joinchat":[]},"product_brand":[],"product_cat":[20],"product_tag":[29,26,22],"class_list":{"0":"post-78","1":"product","2":"type-product","3":"status-publish","4":"has-post-thumbnail","6":"product_cat-goteros","7":"product_tag-antidrenante","8":"product_tag-autocompensante","9":"product_tag-gotero","11":"first","12":"instock","13":"taxable","14":"shipping-taxable","15":"purchasable","16":"product-type-variable"},"_links":{"self":[{"href":"https:\/\/tecniagroxxi.com\/tienda\/wp-json\/wp\/v2\/product\/78","targetHints":{"allow":["GET"]}}],"collection":[{"href":"https:\/\/tecniagroxxi.com\/tienda\/wp-json\/wp\/v2\/product"}],"about":[{"href":"https:\/\/tecniagroxxi.com\/tienda\/wp-json\/wp\/v2\/types\/product"}],"replies":[{"embeddable":true,"href":"https:\/\/tecniagroxxi.com\/tienda\/wp-json\/wp\/v2\/comments?post=78"}],"wp:featuredmedia":[{"embeddable":true,"href":"https:\/\/tecniagroxxi.com\/tienda\/wp-json\/wp\/v2\/media\/71"}],"wp:attachment":[{"href":"https:\/\/tecniagroxxi.com\/tienda\/wp-json\/wp\/v2\/media?parent=78"}],"wp:term":[{"taxonomy":"product_brand","embeddable":true,"href":"https:\/\/tecniagroxxi.com\/tienda\/wp-json\/wp\/v2\/product_brand?post=78"},{"taxonomy":"product_cat","embeddable":true,"href":"https:\/\/tecniagroxxi.com\/tienda\/wp-json\/wp\/v2\/product_cat?post=78"},{"taxonomy":"product_tag","embeddable":true,"href":"https:\/\/tecniagroxxi.com\/tienda\/wp-json\/wp\/v2\/product_tag?post=78"}],"curies":[{"name":"wp","href":"https:\/\/api.w.org\/{rel}","templated":true}]}}