{"id":85,"date":"2025-05-09T17:39:49","date_gmt":"2025-05-09T15:39:49","guid":{"rendered":"https:\/\/tecniagroxxi.com\/tienda\/?post_type=product&#038;p=85"},"modified":"2025-08-25T08:20:55","modified_gmt":"2025-08-25T06:20:55","slug":"gotero-dcg-multifuncion","status":"publish","type":"product","link":"https:\/\/tecniagroxxi.com\/tienda\/producto\/gotero-dcg-multifuncion\/","title":{"rendered":"Gotero DCG multifunci\u00f3n"},"content":{"rendered":"<p class=\"productLongDescription\">Gotero autocompensante iDrop\u00ae salida multifunci\u00f3n\u00a0 (DCG). Preensamblado junto con el sistema K-Drop, es la oferta m\u00e1s avanzada para sistemas sin suelo.<\/p>\n<div id=\"itemDescriptiveAttributeWidget_3074457345616779413\" class=\"itemDescriptiveAttributeWidget\">\n<h4 id=\"itemDescriptiveAttributeWidget_att_Car_title\">Caracter\u00edsticas<\/h4>\n<p id=\"itemDescriptiveAttributeWidget_att_Car\">Es especialmente adecuado para terrenos en pendiente y cultivos con ciclos frecuentes de fertirrigaci\u00f3n. El sistema de riego ideal se puede instalar con l\u00edneas largas y en terrenos con mucha pendiente. Disponible con dos tipos de salida: Est\u00e1ndar y Multifuncional.<\/p>\n<\/div>\n<div id=\"itemDescriptiveAttributeWidget_3074457345616779413\" class=\"itemDescriptiveAttributeWidget\">\n<h4 id=\"itemDescriptiveAttributeWidget_att_Vantaggi_title\">Ventajas<\/h4>\n<ul>\n<li>Ahorro de agua<\/li>\n<li>Eficiencia del riego<\/li>\n<li>Autocompensaci\u00f3n<\/li>\n<\/ul>\n<\/div>\n","protected":false},"excerpt":{"rendered":"<p>Gotero autocompensante iDrop\u00ae salida multifunci\u00f3n\u00a0 (DCG multifunci\u00f3n). Preensamblado junto con el sistema K-Drop, es la oferta m\u00e1s avanzada para sistemas sin suelo.<\/p>\n","protected":false},"featured_media":86,"comment_status":"open","ping_status":"closed","template":"","meta":{"_et_pb_use_builder":"","_et_pb_old_content":"","_et_gb_content_width":"","_joinchat":[]},"product_brand":[],"product_cat":[20],"product_tag":[26,22,30],"class_list":{"0":"post-85","1":"product","2":"type-product","3":"status-publish","4":"has-post-thumbnail","6":"product_cat-goteros","7":"product_tag-autocompensante","8":"product_tag-gotero","9":"product_tag-multifuncion","11":"first","12":"instock","13":"taxable","14":"shipping-taxable","15":"purchasable","16":"product-type-variable"},"_links":{"self":[{"href":"https:\/\/tecniagroxxi.com\/tienda\/wp-json\/wp\/v2\/product\/85","targetHints":{"allow":["GET"]}}],"collection":[{"href":"https:\/\/tecniagroxxi.com\/tienda\/wp-json\/wp\/v2\/product"}],"about":[{"href":"https:\/\/tecniagroxxi.com\/tienda\/wp-json\/wp\/v2\/types\/product"}],"replies":[{"embeddable":true,"href":"https:\/\/tecniagroxxi.com\/tienda\/wp-json\/wp\/v2\/comments?post=85"}],"wp:featuredmedia":[{"embeddable":true,"href":"https:\/\/tecniagroxxi.com\/tienda\/wp-json\/wp\/v2\/media\/86"}],"wp:attachment":[{"href":"https:\/\/tecniagroxxi.com\/tienda\/wp-json\/wp\/v2\/media?parent=85"}],"wp:term":[{"taxonomy":"product_brand","embeddable":true,"href":"https:\/\/tecniagroxxi.com\/tienda\/wp-json\/wp\/v2\/product_brand?post=85"},{"taxonomy":"product_cat","embeddable":true,"href":"https:\/\/tecniagroxxi.com\/tienda\/wp-json\/wp\/v2\/product_cat?post=85"},{"taxonomy":"product_tag","embeddable":true,"href":"https:\/\/tecniagroxxi.com\/tienda\/wp-json\/wp\/v2\/product_tag?post=85"}],"curies":[{"name":"wp","href":"https:\/\/api.w.org\/{rel}","templated":true}]}}