{"id":889,"date":"2025-07-04T09:23:58","date_gmt":"2025-07-04T07:23:58","guid":{"rendered":"https:\/\/tecniagroxxi.com\/tienda\/?post_type=product&#038;p=889"},"modified":"2025-08-26T10:04:16","modified_gmt":"2025-08-26T08:04:16","slug":"codo-de-90o-de-pvc-encolar","status":"publish","type":"product","link":"https:\/\/tecniagroxxi.com\/tienda\/producto\/codo-de-90o-de-pvc-encolar\/","title":{"rendered":"Codo de 90\u00ba de PVC encolar"},"content":{"rendered":"<p>El codo de 90\u00ba de PVC encolar es ideal para instalaciones de agua.<\/p>\n<p>Este codo\u00a0es un accesorio indispensable para sistemas de conducci\u00f3n de agua a presi\u00f3n. Dise\u00f1ada para facilitar la uni\u00f3n en \u00e1ngulo recto, esta pieza permite conectar tramos de tuber\u00eda de forma segura, resistente y estanca, mediante el sistema de encolado.<\/p>\n<p>Disponible en varias medidas.<\/p>\n<p>Soporta una presi\u00f3n m\u00e1xima de 10-16 bares, dependiendo del modelo.<\/p>\n","protected":false},"excerpt":{"rendered":"<p>El codo de 90\u00ba de PVC encolar es ideal para instalaciones de agua.<\/p>\n","protected":false},"featured_media":890,"comment_status":"open","ping_status":"closed","template":"","meta":{"_et_pb_use_builder":"","_et_pb_old_content":"","_et_gb_content_width":"","_joinchat":[]},"product_brand":[],"product_cat":[45],"product_tag":[],"class_list":{"0":"post-889","1":"product","2":"type-product","3":"status-publish","4":"has-post-thumbnail","6":"product_cat-encolar","8":"first","9":"instock","10":"taxable","11":"shipping-taxable","12":"purchasable","13":"product-type-variable"},"_links":{"self":[{"href":"https:\/\/tecniagroxxi.com\/tienda\/wp-json\/wp\/v2\/product\/889","targetHints":{"allow":["GET"]}}],"collection":[{"href":"https:\/\/tecniagroxxi.com\/tienda\/wp-json\/wp\/v2\/product"}],"about":[{"href":"https:\/\/tecniagroxxi.com\/tienda\/wp-json\/wp\/v2\/types\/product"}],"replies":[{"embeddable":true,"href":"https:\/\/tecniagroxxi.com\/tienda\/wp-json\/wp\/v2\/comments?post=889"}],"wp:featuredmedia":[{"embeddable":true,"href":"https:\/\/tecniagroxxi.com\/tienda\/wp-json\/wp\/v2\/media\/890"}],"wp:attachment":[{"href":"https:\/\/tecniagroxxi.com\/tienda\/wp-json\/wp\/v2\/media?parent=889"}],"wp:term":[{"taxonomy":"product_brand","embeddable":true,"href":"https:\/\/tecniagroxxi.com\/tienda\/wp-json\/wp\/v2\/product_brand?post=889"},{"taxonomy":"product_cat","embeddable":true,"href":"https:\/\/tecniagroxxi.com\/tienda\/wp-json\/wp\/v2\/product_cat?post=889"},{"taxonomy":"product_tag","embeddable":true,"href":"https:\/\/tecniagroxxi.com\/tienda\/wp-json\/wp\/v2\/product_tag?post=889"}],"curies":[{"name":"wp","href":"https:\/\/api.w.org\/{rel}","templated":true}]}}