{"id":923,"date":"2025-07-04T11:12:40","date_gmt":"2025-07-04T09:12:40","guid":{"rendered":"https:\/\/tecniagroxxi.com\/tienda\/?post_type=product&#038;p=923"},"modified":"2025-08-26T10:11:50","modified_gmt":"2025-08-26T08:11:50","slug":"tapon-de-pvc-encolar","status":"publish","type":"product","link":"https:\/\/tecniagroxxi.com\/tienda\/producto\/tapon-de-pvc-encolar\/","title":{"rendered":"Tap\u00f3n de PVC encolar"},"content":{"rendered":"<p>El tap\u00f3n de PVC encolar es un accesorio para tuber\u00eda dise\u00f1ado para facilitar la terminaci\u00f3n o cierre de las mismas de manera segura y eficiente.<\/p>\n<p>Ideal para su uso en instalaciones con tuber\u00edas en diferentes \u00e1reas, garantizando una excelente estanqueidad y durabilidad.<\/p>\n<p>Disponible en varios tama\u00f1os.<\/p>\n<p>Los tapones\u00a0 soportan presiones m\u00e1ximas de 10-16 bares, dependiendo del modelo.<\/p>\n","protected":false},"excerpt":{"rendered":"<p>El tap\u00f3n de PVC encolar es un accesorio para tuber\u00eda dise\u00f1ado para facilitar la terminaci\u00f3n o cierre de las mismas de manera segura y eficiente.<\/p>\n","protected":false},"featured_media":924,"comment_status":"open","ping_status":"closed","template":"","meta":{"_et_pb_use_builder":"","_et_pb_old_content":"","_et_gb_content_width":"","_joinchat":[]},"product_brand":[],"product_cat":[45],"product_tag":[],"class_list":{"0":"post-923","1":"product","2":"type-product","3":"status-publish","4":"has-post-thumbnail","6":"product_cat-encolar","8":"first","9":"instock","10":"taxable","11":"shipping-taxable","12":"purchasable","13":"product-type-variable"},"_links":{"self":[{"href":"https:\/\/tecniagroxxi.com\/tienda\/wp-json\/wp\/v2\/product\/923","targetHints":{"allow":["GET"]}}],"collection":[{"href":"https:\/\/tecniagroxxi.com\/tienda\/wp-json\/wp\/v2\/product"}],"about":[{"href":"https:\/\/tecniagroxxi.com\/tienda\/wp-json\/wp\/v2\/types\/product"}],"replies":[{"embeddable":true,"href":"https:\/\/tecniagroxxi.com\/tienda\/wp-json\/wp\/v2\/comments?post=923"}],"wp:featuredmedia":[{"embeddable":true,"href":"https:\/\/tecniagroxxi.com\/tienda\/wp-json\/wp\/v2\/media\/924"}],"wp:attachment":[{"href":"https:\/\/tecniagroxxi.com\/tienda\/wp-json\/wp\/v2\/media?parent=923"}],"wp:term":[{"taxonomy":"product_brand","embeddable":true,"href":"https:\/\/tecniagroxxi.com\/tienda\/wp-json\/wp\/v2\/product_brand?post=923"},{"taxonomy":"product_cat","embeddable":true,"href":"https:\/\/tecniagroxxi.com\/tienda\/wp-json\/wp\/v2\/product_cat?post=923"},{"taxonomy":"product_tag","embeddable":true,"href":"https:\/\/tecniagroxxi.com\/tienda\/wp-json\/wp\/v2\/product_tag?post=923"}],"curies":[{"name":"wp","href":"https:\/\/api.w.org\/{rel}","templated":true}]}}